{"id":8198,"date":"2026-04-08T19:38:43","date_gmt":"2026-04-08T19:38:43","guid":{"rendered":"https:\/\/www.ceide.unam.mx\/?page_id=8198"},"modified":"2026-04-09T00:34:32","modified_gmt":"2026-04-09T00:34:32","slug":"unidad-administrativa","status":"publish","type":"page","link":"https:\/\/www.ceide.unam.mx\/index.php\/unidad-administrativa\/","title":{"rendered":"UNIDAD ADMINISTRATIVA"},"content":{"rendered":"<div class=\"wpb-content-wrapper\"><p>[vc_row][vc_column][\/vc_column][\/vc_row][vc_row][vc_column][vc_tta_tabs][vc_tta_section title=&#8221;Organigrama&#8221; tab_id=&#8221;1775676895573-deb3a127-c3ba&#8221;][vc_single_image image=&#8221;8202&#8243; img_size=&#8221;full&#8221; alignment=&#8221;center&#8221; css=&#8221;&#8221;][\/vc_tta_section][vc_tta_section title=&#8221;Pol\u00edtica y<br \/>objetivos de calidad&#8221; tab_id=&#8221;1775676895573-f743a40a-dbb3&#8243;][vc_column_text css=&#8221;&#8221;]<\/p>\n<p align=\"center\"><span style=\"color: #996600;\"><span style=\"font-family: Arial Unicode MS, serif;\"><span style=\"font-size: medium;\"><b>Pol\u00edtica de la Calidad<br \/>\n<b>Revisada en&nbsp;noviembre&nbsp;de 2023<\/b><\/b><\/span><\/span><\/span><\/p>\n<p><b><\/p>\n<p align=\"justify\"><span style=\"color: #000066;\"><span style=\"font-family: Arial Unicode MS, serif;\"><span style=\"font-size: medium;\">&#8220;<\/span><\/span><\/span><span style=\"color: #000066;\"><span style=\"font-family: Arial Unicode MS, serif;\">Las secretar\u00edas y las unidades administrativas de las entidades y dependencias de la UNAM, estamos comprometidas a proporcionar servicios administrativos de calidad que satisfagan las necesidades y expectativas de nuestros usuarios y partes interesadas, a trav\u00e9s del cumplimiento de la normatividad institucional aplicable, el fortalecimiento del liderazgo, la planificaci\u00f3n administrativa, el desarrollo de competencias del personal administrativo, el acceso al conocimiento administrativo institucional y la mejora continua de los procesos del sistema de gesti\u00f3n de la calidad<\/span><\/span><span style=\"color: #000066;\"><span style=\"font-family: Arial Unicode MS, serif;\"><span style=\"font-size: medium;\">&#8220;.<\/span><\/span><\/span><\/p>\n<p align=\"center\"><span style=\"color: #996600;\"><span style=\"font-family: Arial Unicode MS, serif;\"><span style=\"font-size: medium;\"><b>Objetivos de la Calidad<\/b><br \/>\n<b>Revisados y actualizados en noviembre de 2023<\/b><\/span><\/span><\/span><\/p>\n<ol>\n<li>\n<p align=\"justify\"><span style=\"color: #000066;\"><span style=\"font-family: Arial Unicode MS, serif;\">Satisfacer anualmente el 85% de las necesidades y expectativas de las partes interesadas del SGC.<\/span><\/span><\/p>\n<\/li>\n<li>\n<p align=\"justify\"><span style=\"color: #000066;\"><span style=\"font-family: Arial Unicode MS, serif;\">Posicionar la cultura de la calidad administrativa en un 85% de cumplimiento anual.<\/span><\/span><\/p>\n<\/li>\n<li>\n<p align=\"justify\"><span style=\"color: #000066;\"><span style=\"font-family: Arial Unicode MS, serif;\">Lograr que el desempe\u00f1o administrativo alcance un 85\u200b% de cumplimiento anual.<\/span><\/span><\/p>\n<\/li>\n<\/ol>\n<p>&nbsp;<\/b>[\/vc_column_text][\/vc_tta_section][vc_tta_section title=&#8221;Mapa de <br \/> procesos&#8221; tab_id=&#8221;1775677304991-6d471cea-f483&#8243;][vc_single_image image=&#8221;8205&#8243; img_size=&#8221;full&#8221; alignment=&#8221;center&#8221; style=&#8221;vc_box_rounded&#8221; css=&#8221;&#8221;][\/vc_tta_section][vc_tta_section title=&#8221;Cat\u00e1logos de <br \/> servicios&#8221; tab_id=&#8221;1775677599873-f1726c2a-f58c&#8221;][vc_row_inner][vc_column_inner width=&#8221;1\/4&#8243;][vc_single_image image=&#8221;2855&#8243; alignment=&#8221;center&#8221; style=&#8221;vc_box_rounded&#8221; onclick=&#8221;custom_link&#8221; css=&#8221;&#8221; link=&#8221;https:\/\/www.ceide.unam.mx\/wp-content\/uploads\/2026\/04\/483_01_Catalogo_de_Servicios_de_Personal.pdf&#8221;][vc_column_text css=&#8221;&#8221;]<\/p>\n<p style=\"text-align: center;\">Servicios de personal<\/p>\n<p>[\/vc_column_text][\/vc_column_inner][vc_column_inner width=&#8221;1\/4&#8243;][vc_single_image image=&#8221;2855&#8243; alignment=&#8221;center&#8221; style=&#8221;vc_box_rounded&#8221; onclick=&#8221;custom_link&#8221; css=&#8221;&#8221; link=&#8221;https:\/\/www.ceide.unam.mx\/wp-content\/uploads\/2026\/04\/483_01_Catalogo_de_servicios_BS_2026.pdf&#8221;][vc_column_text css=&#8221;&#8221;]<\/p>\n<p style=\"text-align: center;\">Servicios BS<\/p>\n<p>[\/vc_column_text][\/vc_column_inner][vc_column_inner width=&#8221;1\/4&#8243;][vc_single_image image=&#8221;2855&#8243; alignment=&#8221;center&#8221; style=&#8221;vc_box_rounded&#8221; onclick=&#8221;custom_link&#8221; css=&#8221;&#8221; link=&#8221;https:\/\/www.ceide.unam.mx\/wp-content\/uploads\/2026\/04\/483_01_Catalogo_de_servicios_SG_2026.pdf&#8221;][vc_column_text css=&#8221;&#8221;]<\/p>\n<p style=\"text-align: center;\">Servicios SG<\/p>\n<p>[\/vc_column_text][\/vc_column_inner][vc_column_inner width=&#8221;1\/4&#8243;][vc_single_image image=&#8221;2855&#8243; alignment=&#8221;center&#8221; style=&#8221;vc_box_rounded&#8221; onclick=&#8221;custom_link&#8221; css=&#8221;&#8221; link=&#8221;https:\/\/www.ceide.unam.mx\/wp-content\/uploads\/2026\/04\/483_01_Catalogo_Servicios_PO_2026.pdf&#8221;][vc_column_text css=&#8221;&#8221;]<\/p>\n<p style=\"text-align: center;\">Servicios PO<\/p>\n<p>[\/vc_column_text][\/vc_column_inner][\/vc_row_inner][\/vc_tta_section][vc_tta_section title=&#8221;Formatos&#8221; tab_id=&#8221;1775680789966-e1a1dcfc-c07f&#8221;][vc_row_inner][vc_column_inner width=&#8221;1\/2&#8243;][vc_column_text css=&#8221;&#8221;]<\/p>\n<p style=\"text-align: center;\"><strong>Bienes y suministros<\/strong><\/p>\n<p>[\/vc_column_text][\/vc_column_inner][vc_column_inner width=&#8221;1\/2&#8243;][vc_column_text css=&#8221;&#8221;]<\/p>\n<p style=\"text-align: center;\"><strong>Servicios Generales<\/strong><\/p>\n<p>[\/vc_column_text][\/vc_column_inner][\/vc_row_inner][vc_row_inner][vc_column_inner width=&#8221;1\/4&#8243;][vc_single_image image=&#8221;2855&#8243; img_size=&#8221;80&#215;80&#8243; alignment=&#8221;center&#8221; style=&#8221;vc_box_rounded&#8221; onclick=&#8221;custom_link&#8221; css=&#8221;&#8221; link=&#8221;https:\/\/www.ceide.unam.mx\/wp-content\/uploads\/2026\/04\/1_Vale_de_salida_de_almacen.xlsx&#8221;][\/vc_column_inner][vc_column_inner width=&#8221;1\/4&#8243;][vc_column_text css=&#8221;.vc_custom_1775694078861{padding-top: 30px !important;}&#8221;]<\/p>\n<p style=\"text-align: center;\"><a href=\"https:\/\/www.ceide.unam.mx\/wp-content\/uploads\/2026\/04\/1_Vale_de_salida_de_almacen.xlsx\">1 Vale de salida de almac\u00e9n<\/a><\/p>\n<p>[\/vc_column_text][\/vc_column_inner][vc_column_inner width=&#8221;1\/4&#8243;][vc_single_image image=&#8221;2855&#8243; img_size=&#8221;80&#215;80&#8243; alignment=&#8221;center&#8221; style=&#8221;vc_box_rounded&#8221; onclick=&#8221;custom_link&#8221; css=&#8221;&#8221; link=&#8221;https:\/\/www.ceide.unam.mx\/wp-content\/uploads\/2026\/04\/1_F01_PSG_0201_Solicitud_de_servicios_diversos_y_limpieza.xls&#8221;][\/vc_column_inner][vc_column_inner width=&#8221;1\/4&#8243;][vc_column_text css=&#8221;.vc_custom_1775694221931{padding-top: 30px !important;}&#8221;]<a href=\"https:\/\/www.ceide.unam.mx\/wp-content\/uploads\/2026\/04\/1_F01_PSG_0201_Solicitud_de_servicios_diversos_y_limpieza.xls\">1 F01 PSG 0201 Solicitud de servicios diversos y limpieza<\/a>[\/vc_column_text][\/vc_column_inner][\/vc_row_inner][vc_row_inner][vc_column_inner width=&#8221;1\/4&#8243;][vc_single_image image=&#8221;2855&#8243; img_size=&#8221;80&#215;80&#8243; alignment=&#8221;center&#8221; style=&#8221;vc_box_rounded&#8221; onclick=&#8221;custom_link&#8221; css=&#8221;&#8221; link=&#8221;https:\/\/www.ceide.unam.mx\/wp-content\/uploads\/2026\/04\/2_Solicitud_de_baja_o_actualizacion_de_bienes_inventariables.xlsx&#8221;][\/vc_column_inner][vc_column_inner width=&#8221;1\/4&#8243;][vc_column_text css=&#8221;.vc_custom_1775694114333{padding-top: 30px !important;}&#8221;]<a href=\"https:\/\/www.ceide.unam.mx\/wp-content\/uploads\/2026\/04\/2_Solicitud_de_baja_o_actualizacion_de_bienes_inventariables.xlsx\">2 Solicitud de baja o actualizaci\u00f3n de bienes inventariables<\/a>[\/vc_column_text][\/vc_column_inner][vc_column_inner width=&#8221;1\/4&#8243;][vc_single_image image=&#8221;2855&#8243; img_size=&#8221;80&#215;80&#8243; alignment=&#8221;center&#8221; style=&#8221;vc_box_rounded&#8221; onclick=&#8221;custom_link&#8221; css=&#8221;&#8221; link=&#8221;https:\/\/www.ceide.unam.mx\/wp-content\/uploads\/2026\/04\/2_F04_PSG_0201_Solicitud_de_servicio_de_transporte.xls&#8221;][\/vc_column_inner][vc_column_inner width=&#8221;1\/4&#8243;][vc_column_text css=&#8221;.vc_custom_1775694260472{padding-top: 30px !important;}&#8221;]<a href=\"https:\/\/www.ceide.unam.mx\/wp-content\/uploads\/2026\/04\/2_F04_PSG_0201_Solicitud_de_servicio_de_transporte.xls\">2 F04 PSG 0201 Solicitud de servicio de transporte<\/a>[\/vc_column_text][\/vc_column_inner][\/vc_row_inner][vc_row_inner][vc_column_inner width=&#8221;1\/4&#8243;][\/vc_column_inner][vc_column_inner width=&#8221;1\/4&#8243;][\/vc_column_inner][vc_column_inner width=&#8221;1\/4&#8243;][vc_single_image image=&#8221;2855&#8243; img_size=&#8221;80&#215;80&#8243; alignment=&#8221;center&#8221; style=&#8221;vc_box_rounded&#8221; onclick=&#8221;custom_link&#8221; css=&#8221;&#8221; link=&#8221;https:\/\/www.ceide.unam.mx\/wp-content\/uploads\/2026\/04\/3_F05_PSG_0201_Solicitud_de_servicios_de_correspondencia_y_o_paqueteria.xls&#8221;][\/vc_column_inner][vc_column_inner width=&#8221;1\/4&#8243;][vc_column_text css=&#8221;.vc_custom_1775694291392{padding-top: 20px !important;}&#8221;]<a href=\"https:\/\/www.ceide.unam.mx\/wp-content\/uploads\/2026\/04\/3_F05_PSG_0201_Solicitud_de_servicios_de_correspondencia_y_o_paqueteria.xls\">3 F05 PSG 0201 Solicitud de servicios de correspondencia y o paqueteria<\/a>[\/vc_column_text][\/vc_column_inner][\/vc_row_inner][vc_row_inner][vc_column_inner width=&#8221;1\/4&#8243;][\/vc_column_inner][vc_column_inner width=&#8221;1\/4&#8243;][\/vc_column_inner][vc_column_inner width=&#8221;1\/4&#8243;][vc_single_image image=&#8221;2855&#8243; img_size=&#8221;80&#215;80&#8243; alignment=&#8221;center&#8221; style=&#8221;vc_box_rounded&#8221; onclick=&#8221;custom_link&#8221; css=&#8221;&#8221; link=&#8221;https:\/\/www.ceide.unam.mx\/wp-content\/uploads\/2026\/04\/6_F01_PSG_0302_Vale_de_entrada_y_salida_de_equipo_y_mobiliario.xls&#8221;][\/vc_column_inner][vc_column_inner width=&#8221;1\/4&#8243;][vc_column_text css=&#8221;.vc_custom_1775694397570{padding-top: 30px !important;}&#8221;]<a href=\"https:\/\/www.ceide.unam.mx\/wp-content\/uploads\/2026\/04\/6_F01_PSG_0302_Vale_de_entrada_y_salida_de_equipo_y_mobiliario.xls\">6 F01 PSG 0302 Vale de entrada y salida de equipo y mobiliario<\/a>[\/vc_column_text][\/vc_column_inner][\/vc_row_inner][vc_row_inner][vc_column_inner width=&#8221;1\/4&#8243;][\/vc_column_inner][vc_column_inner width=&#8221;1\/4&#8243;][\/vc_column_inner][vc_column_inner width=&#8221;1\/4&#8243;][vc_single_image image=&#8221;2855&#8243; img_size=&#8221;80&#215;80&#8243; alignment=&#8221;center&#8221; style=&#8221;vc_box_rounded&#8221; onclick=&#8221;custom_link&#8221; css=&#8221;&#8221; link=&#8221;https:\/\/www.ceide.unam.mx\/wp-content\/uploads\/2026\/04\/5_F02_PSG_0101_Solicitud_de_servicio_a_infraestructura.xls&#8221;][\/vc_column_inner][vc_column_inner width=&#8221;1\/4&#8243;][vc_column_text css=&#8221;.vc_custom_1775694366797{padding-top: 30px !important;}&#8221;]<a href=\"https:\/\/www.ceide.unam.mx\/wp-content\/uploads\/2026\/04\/5_F02_PSG_0101_Solicitud_de_servicio_a_infraestructura.xls\">5 F02 PSG 0101 Solicitud de servicio a infraestructura<\/a>[\/vc_column_text][\/vc_column_inner][\/vc_row_inner][vc_row_inner][vc_column_inner width=&#8221;1\/4&#8243;][\/vc_column_inner][vc_column_inner width=&#8221;1\/4&#8243;][\/vc_column_inner][vc_column_inner width=&#8221;1\/4&#8243;][vc_single_image image=&#8221;2855&#8243; img_size=&#8221;80&#215;80&#8243; alignment=&#8221;center&#8221; style=&#8221;vc_box_rounded&#8221; onclick=&#8221;custom_link&#8221; css=&#8221;&#8221; link=&#8221;https:\/\/www.ceide.unam.mx\/wp-content\/uploads\/2026\/04\/4_Solicitud_de_acceso_a_instalaciones_CEIDE.docx&#8221;][\/vc_column_inner][vc_column_inner width=&#8221;1\/4&#8243;][vc_column_text css=&#8221;.vc_custom_1775694332365{padding-top: 30px !important;}&#8221;]<a href=\"https:\/\/www.ceide.unam.mx\/wp-content\/uploads\/2026\/04\/4_Solicitud_de_acceso_a_instalaciones_CEIDE.docx\">4 Solicitud de acceso a instalaciones CEIDE<\/a>[\/vc_column_text][\/vc_column_inner][\/vc_row_inner][\/vc_tta_section][\/vc_tta_tabs][\/vc_column][\/vc_row]<\/p>\n<\/div>","protected":false},"excerpt":{"rendered":"<p>[vc_row][vc_column][\/vc_column][\/vc_row][vc_row][vc_column][vc_tta_tabs][vc_tta_section title=&#8221;Organigrama&#8221; tab_id=&#8221;1775676895573-deb3a127-c3ba&#8221;][vc_single_image image=&#8221;8202&#8243; img_size=&#8221;full&#8221; alignment=&#8221;center&#8221; css=&#8221;&#8221;][\/vc_tta_section][vc_tta_section title=&#8221;Pol\u00edtica yobjetivos de calidad&#8221; tab_id=&#8221;1775676895573-f743a40a-dbb3&#8243;][vc_column_text css=&#8221;&#8221;] Pol\u00edtica de la Calidad Revisada en&nbsp;noviembre&nbsp;de 2023 &#8220;Las secretar\u00edas y las unidades administrativas de las entidades y dependencias de la UNAM, estamos comprometidas a proporcionar servicios administrativos de calidad que satisfagan las necesidades y expectativas de nuestros usuarios y partes interesadas, a &#8230; <a title=\"UNIDAD ADMINISTRATIVA\" class=\"read-more\" href=\"https:\/\/www.ceide.unam.mx\/index.php\/unidad-administrativa\/\" aria-label=\"Leer m\u00e1s sobre UNIDAD ADMINISTRATIVA\">Leer m\u00e1s<\/a><\/p>\n","protected":false},"author":1,"featured_media":0,"parent":0,"menu_order":0,"comment_status":"closed","ping_status":"closed","template":"","meta":{"footnotes":""},"class_list":["post-8198","page","type-page","status-publish"],"yoast_head":"<!-- This site is optimized with the Yoast SEO plugin v27.3 - https:\/\/yoast.com\/product\/yoast-seo-wordpress\/ -->\n<title>UNIDAD ADMINISTRATIVA - COORDINACI\u00d3N DE EVALUACI\u00d3N, INNOVACI\u00d3N Y DESARROLLO EDUCATIVOS<\/title>\n<meta name=\"robots\" content=\"index, follow, max-snippet:-1, max-image-preview:large, max-video-preview:-1\" \/>\n<link rel=\"canonical\" href=\"https:\/\/www.ceide.unam.mx\/index.php\/unidad-administrativa\/\" \/>\n<meta property=\"og:locale\" content=\"es_MX\" \/>\n<meta property=\"og:type\" content=\"article\" \/>\n<meta property=\"og:title\" content=\"UNIDAD ADMINISTRATIVA - COORDINACI\u00d3N DE EVALUACI\u00d3N, INNOVACI\u00d3N Y DESARROLLO EDUCATIVOS\" \/>\n<meta property=\"og:description\" content=\"[vc_row][vc_column][\/vc_column][\/vc_row][vc_row][vc_column][vc_tta_tabs][vc_tta_section title=&#8221;Organigrama&#8221; tab_id=&#8221;1775676895573-deb3a127-c3ba&#8221;][vc_single_image image=&#8221;8202&#8243; img_size=&#8221;full&#8221; alignment=&#8221;center&#8221; css=&#8221;&#8221;][\/vc_tta_section][vc_tta_section title=&#8221;Pol\u00edtica yobjetivos de calidad&#8221; tab_id=&#8221;1775676895573-f743a40a-dbb3&#8243;][vc_column_text css=&#8221;&#8221;] Pol\u00edtica de la Calidad Revisada en&nbsp;noviembre&nbsp;de 2023 &#8220;Las secretar\u00edas y las unidades administrativas de las entidades y dependencias de la UNAM, estamos comprometidas a proporcionar servicios administrativos de calidad que satisfagan las necesidades y expectativas de nuestros usuarios y partes interesadas, a ... Leer m\u00e1s\" \/>\n<meta property=\"og:url\" content=\"https:\/\/www.ceide.unam.mx\/index.php\/unidad-administrativa\/\" \/>\n<meta property=\"og:site_name\" content=\"COORDINACI\u00d3N DE EVALUACI\u00d3N, INNOVACI\u00d3N Y DESARROLLO EDUCATIVOS\" \/>\n<meta property=\"article:publisher\" content=\"https:\/\/www.facebook.com\/CEIDEUNAM\/\" \/>\n<meta property=\"article:modified_time\" content=\"2026-04-09T00:34:32+00:00\" \/>\n<meta property=\"og:image\" content=\"https:\/\/www.ceide.unam.mx\/wp-content\/uploads\/2024\/07\/Recurso-1.png\" \/>\n\t<meta property=\"og:image:width\" content=\"351\" \/>\n\t<meta property=\"og:image:height\" content=\"203\" \/>\n\t<meta property=\"og:image:type\" content=\"image\/png\" \/>\n<meta name=\"twitter:card\" content=\"summary_large_image\" \/>\n<meta name=\"twitter:site\" content=\"@CEIDE_UNAM\" \/>\n<meta name=\"twitter:label1\" content=\"Tiempo de lectura\" \/>\n\t<meta name=\"twitter:data1\" content=\"6 minutos\" \/>\n<script type=\"application\/ld+json\" class=\"yoast-schema-graph\">{\"@context\":\"https:\\\/\\\/schema.org\",\"@graph\":[{\"@type\":\"WebPage\",\"@id\":\"https:\\\/\\\/www.ceide.unam.mx\\\/index.php\\\/unidad-administrativa\\\/\",\"url\":\"https:\\\/\\\/www.ceide.unam.mx\\\/index.php\\\/unidad-administrativa\\\/\",\"name\":\"UNIDAD ADMINISTRATIVA - COORDINACI\u00d3N DE EVALUACI\u00d3N, INNOVACI\u00d3N Y DESARROLLO EDUCATIVOS\",\"isPartOf\":{\"@id\":\"https:\\\/\\\/www.ceide.unam.mx\\\/#website\"},\"datePublished\":\"2026-04-08T19:38:43+00:00\",\"dateModified\":\"2026-04-09T00:34:32+00:00\",\"breadcrumb\":{\"@id\":\"https:\\\/\\\/www.ceide.unam.mx\\\/index.php\\\/unidad-administrativa\\\/#breadcrumb\"},\"inLanguage\":\"es\",\"potentialAction\":[{\"@type\":\"ReadAction\",\"target\":[\"https:\\\/\\\/www.ceide.unam.mx\\\/index.php\\\/unidad-administrativa\\\/\"]}]},{\"@type\":\"BreadcrumbList\",\"@id\":\"https:\\\/\\\/www.ceide.unam.mx\\\/index.php\\\/unidad-administrativa\\\/#breadcrumb\",\"itemListElement\":[{\"@type\":\"ListItem\",\"position\":1,\"name\":\"Inicio\",\"item\":\"https:\\\/\\\/www.ceide.unam.mx\\\/\"},{\"@type\":\"ListItem\",\"position\":2,\"name\":\"UNIDAD ADMINISTRATIVA\"}]},{\"@type\":\"WebSite\",\"@id\":\"https:\\\/\\\/www.ceide.unam.mx\\\/#website\",\"url\":\"https:\\\/\\\/www.ceide.unam.mx\\\/\",\"name\":\"COORDINACION DE EVALUACION, INNOVACION Y DESARROLLO EDUCATIVOS\",\"description\":\"CEIDE\",\"publisher\":{\"@id\":\"https:\\\/\\\/www.ceide.unam.mx\\\/#organization\"},\"alternateName\":\"CEIDE - UNAM\",\"potentialAction\":[{\"@type\":\"SearchAction\",\"target\":{\"@type\":\"EntryPoint\",\"urlTemplate\":\"https:\\\/\\\/www.ceide.unam.mx\\\/?s={search_term_string}\"},\"query-input\":{\"@type\":\"PropertyValueSpecification\",\"valueRequired\":true,\"valueName\":\"search_term_string\"}}],\"inLanguage\":\"es\"},{\"@type\":\"Organization\",\"@id\":\"https:\\\/\\\/www.ceide.unam.mx\\\/#organization\",\"name\":\"COORDINACION DE EVALUACION, INNOVACION Y DESARROLLO EDUCATIVOS\",\"alternateName\":\"CEIDE - UNAM\",\"url\":\"https:\\\/\\\/www.ceide.unam.mx\\\/\",\"logo\":{\"@type\":\"ImageObject\",\"inLanguage\":\"es\",\"@id\":\"https:\\\/\\\/www.ceide.unam.mx\\\/#\\\/schema\\\/logo\\\/image\\\/\",\"url\":\"https:\\\/\\\/www.ceide.unam.mx\\\/wp-content\\\/uploads\\\/2024\\\/07\\\/Recurso-1.png\",\"contentUrl\":\"https:\\\/\\\/www.ceide.unam.mx\\\/wp-content\\\/uploads\\\/2024\\\/07\\\/Recurso-1.png\",\"width\":351,\"height\":203,\"caption\":\"COORDINACION DE EVALUACION, INNOVACION Y DESARROLLO EDUCATIVOS\"},\"image\":{\"@id\":\"https:\\\/\\\/www.ceide.unam.mx\\\/#\\\/schema\\\/logo\\\/image\\\/\"},\"sameAs\":[\"https:\\\/\\\/www.facebook.com\\\/CEIDEUNAM\\\/\",\"https:\\\/\\\/x.com\\\/CEIDE_UNAM\",\"https:\\\/\\\/www.instagram.com\\\/ceide_unam\\\/\",\"https:\\\/\\\/www.youtube.com\\\/@CEIDEUNAM\"]}]}<\/script>\n<!-- \/ Yoast SEO plugin. -->","yoast_head_json":{"title":"UNIDAD ADMINISTRATIVA - COORDINACI\u00d3N DE EVALUACI\u00d3N, INNOVACI\u00d3N Y DESARROLLO EDUCATIVOS","robots":{"index":"index","follow":"follow","max-snippet":"max-snippet:-1","max-image-preview":"max-image-preview:large","max-video-preview":"max-video-preview:-1"},"canonical":"https:\/\/www.ceide.unam.mx\/index.php\/unidad-administrativa\/","og_locale":"es_MX","og_type":"article","og_title":"UNIDAD ADMINISTRATIVA - COORDINACI\u00d3N DE EVALUACI\u00d3N, INNOVACI\u00d3N Y DESARROLLO EDUCATIVOS","og_description":"[vc_row][vc_column][\/vc_column][\/vc_row][vc_row][vc_column][vc_tta_tabs][vc_tta_section title=&#8221;Organigrama&#8221; tab_id=&#8221;1775676895573-deb3a127-c3ba&#8221;][vc_single_image image=&#8221;8202&#8243; img_size=&#8221;full&#8221; alignment=&#8221;center&#8221; css=&#8221;&#8221;][\/vc_tta_section][vc_tta_section title=&#8221;Pol\u00edtica yobjetivos de calidad&#8221; tab_id=&#8221;1775676895573-f743a40a-dbb3&#8243;][vc_column_text css=&#8221;&#8221;] Pol\u00edtica de la Calidad Revisada en&nbsp;noviembre&nbsp;de 2023 &#8220;Las secretar\u00edas y las unidades administrativas de las entidades y dependencias de la UNAM, estamos comprometidas a proporcionar servicios administrativos de calidad que satisfagan las necesidades y expectativas de nuestros usuarios y partes interesadas, a ... Leer m\u00e1s","og_url":"https:\/\/www.ceide.unam.mx\/index.php\/unidad-administrativa\/","og_site_name":"COORDINACI\u00d3N DE EVALUACI\u00d3N, INNOVACI\u00d3N Y DESARROLLO EDUCATIVOS","article_publisher":"https:\/\/www.facebook.com\/CEIDEUNAM\/","article_modified_time":"2026-04-09T00:34:32+00:00","og_image":[{"width":351,"height":203,"url":"https:\/\/www.ceide.unam.mx\/wp-content\/uploads\/2024\/07\/Recurso-1.png","type":"image\/png"}],"twitter_card":"summary_large_image","twitter_site":"@CEIDE_UNAM","twitter_misc":{"Tiempo de lectura":"6 minutos"},"schema":{"@context":"https:\/\/schema.org","@graph":[{"@type":"WebPage","@id":"https:\/\/www.ceide.unam.mx\/index.php\/unidad-administrativa\/","url":"https:\/\/www.ceide.unam.mx\/index.php\/unidad-administrativa\/","name":"UNIDAD ADMINISTRATIVA - COORDINACI\u00d3N DE EVALUACI\u00d3N, INNOVACI\u00d3N Y DESARROLLO EDUCATIVOS","isPartOf":{"@id":"https:\/\/www.ceide.unam.mx\/#website"},"datePublished":"2026-04-08T19:38:43+00:00","dateModified":"2026-04-09T00:34:32+00:00","breadcrumb":{"@id":"https:\/\/www.ceide.unam.mx\/index.php\/unidad-administrativa\/#breadcrumb"},"inLanguage":"es","potentialAction":[{"@type":"ReadAction","target":["https:\/\/www.ceide.unam.mx\/index.php\/unidad-administrativa\/"]}]},{"@type":"BreadcrumbList","@id":"https:\/\/www.ceide.unam.mx\/index.php\/unidad-administrativa\/#breadcrumb","itemListElement":[{"@type":"ListItem","position":1,"name":"Inicio","item":"https:\/\/www.ceide.unam.mx\/"},{"@type":"ListItem","position":2,"name":"UNIDAD ADMINISTRATIVA"}]},{"@type":"WebSite","@id":"https:\/\/www.ceide.unam.mx\/#website","url":"https:\/\/www.ceide.unam.mx\/","name":"COORDINACION DE EVALUACION, INNOVACION Y DESARROLLO EDUCATIVOS","description":"CEIDE","publisher":{"@id":"https:\/\/www.ceide.unam.mx\/#organization"},"alternateName":"CEIDE - UNAM","potentialAction":[{"@type":"SearchAction","target":{"@type":"EntryPoint","urlTemplate":"https:\/\/www.ceide.unam.mx\/?s={search_term_string}"},"query-input":{"@type":"PropertyValueSpecification","valueRequired":true,"valueName":"search_term_string"}}],"inLanguage":"es"},{"@type":"Organization","@id":"https:\/\/www.ceide.unam.mx\/#organization","name":"COORDINACION DE EVALUACION, INNOVACION Y DESARROLLO EDUCATIVOS","alternateName":"CEIDE - UNAM","url":"https:\/\/www.ceide.unam.mx\/","logo":{"@type":"ImageObject","inLanguage":"es","@id":"https:\/\/www.ceide.unam.mx\/#\/schema\/logo\/image\/","url":"https:\/\/www.ceide.unam.mx\/wp-content\/uploads\/2024\/07\/Recurso-1.png","contentUrl":"https:\/\/www.ceide.unam.mx\/wp-content\/uploads\/2024\/07\/Recurso-1.png","width":351,"height":203,"caption":"COORDINACION DE EVALUACION, INNOVACION Y DESARROLLO EDUCATIVOS"},"image":{"@id":"https:\/\/www.ceide.unam.mx\/#\/schema\/logo\/image\/"},"sameAs":["https:\/\/www.facebook.com\/CEIDEUNAM\/","https:\/\/x.com\/CEIDE_UNAM","https:\/\/www.instagram.com\/ceide_unam\/","https:\/\/www.youtube.com\/@CEIDEUNAM"]}]}},"_links":{"self":[{"href":"https:\/\/www.ceide.unam.mx\/index.php\/wp-json\/wp\/v2\/pages\/8198","targetHints":{"allow":["GET"]}}],"collection":[{"href":"https:\/\/www.ceide.unam.mx\/index.php\/wp-json\/wp\/v2\/pages"}],"about":[{"href":"https:\/\/www.ceide.unam.mx\/index.php\/wp-json\/wp\/v2\/types\/page"}],"author":[{"embeddable":true,"href":"https:\/\/www.ceide.unam.mx\/index.php\/wp-json\/wp\/v2\/users\/1"}],"replies":[{"embeddable":true,"href":"https:\/\/www.ceide.unam.mx\/index.php\/wp-json\/wp\/v2\/comments?post=8198"}],"version-history":[{"count":26,"href":"https:\/\/www.ceide.unam.mx\/index.php\/wp-json\/wp\/v2\/pages\/8198\/revisions"}],"predecessor-version":[{"id":8240,"href":"https:\/\/www.ceide.unam.mx\/index.php\/wp-json\/wp\/v2\/pages\/8198\/revisions\/8240"}],"wp:attachment":[{"href":"https:\/\/www.ceide.unam.mx\/index.php\/wp-json\/wp\/v2\/media?parent=8198"}],"curies":[{"name":"wp","href":"https:\/\/api.w.org\/{rel}","templated":true}]}}