{"id":5950,"date":"2024-10-15T19:04:14","date_gmt":"2024-10-15T19:04:14","guid":{"rendered":"https:\/\/www.ceide.unam.mx\/?page_id=5950"},"modified":"2024-10-17T22:22:57","modified_gmt":"2024-10-17T22:22:57","slug":"aviso-simplificado","status":"publish","type":"page","link":"https:\/\/www.ceide.unam.mx\/index.php\/aviso-simplificado\/","title":{"rendered":"aviso-simplificado"},"content":{"rendered":"<div class=\"wpb-content-wrapper\"><p>[vc_row][vc_column][vc_column_text css=&#8221;.vc_custom_1729207310960{padding-top: 20px !important;padding-bottom: 20px !important;}&#8221;]<\/p>\n<h3 align=\"center\"><b>Aviso de Privacidad Simplificado de la Coordinaci\u00f3n de Evaluaci\u00f3n, Innovaci\u00f3n y Desarrollo Educativos (CEIDE)<\/b><\/h3>\n<p style=\"font-size: 18px;\">Con domicilio en Edificio adjunto al Centro de Ciencias de la Complejidad 1er piso, Circuito Cultural s\/n, Colonia Ciudad Universitaria, Ciudad Universitaria, Alcald\u00eda Coyoac\u00e1n, C.P. 04510, en la Ciudad de M\u00e9xico,, recaba datos personales para coordinar la creaci\u00f3n, el desarrollo y la aplicaci\u00f3n de modelos educativos y curriculares, as\u00ed como metodolog\u00edas educativas innovadoras en las modalidades presencial, abierta, a distancia y mixtas o semipresenciales.<\/p>\n<p style=\"font-size: 18px;\">No se realizar\u00e1n transferencias de datos personales, salvo aquellas excepciones previstas por la Ley. Podr\u00e1 ejercer sus derechos ARCO en la Unidad de Transparencia de la UNAM, o a trav\u00e9s de la Plataforma Nacional de Transparencia (<a href=\"http:\/\/www.plataformadetransparencia.org.mx\/\">http:\/\/www.plataformadetransparencia.org.mx\/<\/a>)<\/p>\n<p>[\/vc_column_text][\/vc_column][\/vc_row]<\/p>\n<\/div>","protected":false},"excerpt":{"rendered":"<p>[vc_row][vc_column][vc_column_text css=&#8221;.vc_custom_1729207310960{padding-top: 20px !important;padding-bottom: 20px !important;}&#8221;] Aviso de Privacidad Simplificado de la Coordinaci\u00f3n de Evaluaci\u00f3n, Innovaci\u00f3n y Desarrollo Educativos (CEIDE) Con domicilio en Edificio adjunto al Centro de Ciencias de la Complejidad 1er piso, Circuito Cultural s\/n, Colonia Ciudad Universitaria, Ciudad Universitaria, Alcald\u00eda Coyoac\u00e1n, C.P. 04510, en la Ciudad de M\u00e9xico,, recaba datos personales para &#8230; <a title=\"aviso-simplificado\" class=\"read-more\" href=\"https:\/\/www.ceide.unam.mx\/index.php\/aviso-simplificado\/\" aria-label=\"Leer m\u00e1s sobre aviso-simplificado\">Leer m\u00e1s<\/a><\/p>\n","protected":false},"author":1,"featured_media":0,"parent":0,"menu_order":0,"comment_status":"closed","ping_status":"closed","template":"","meta":{"footnotes":""},"class_list":["post-5950","page","type-page","status-publish"],"yoast_head":"<!-- This site is optimized with the Yoast SEO plugin v27.5 - https:\/\/yoast.com\/product\/yoast-seo-wordpress\/ -->\n<title>aviso-simplificado - COORDINACI\u00d3N DE EVALUACI\u00d3N, INNOVACI\u00d3N Y DESARROLLO EDUCATIVOS<\/title>\n<meta name=\"robots\" content=\"index, follow, max-snippet:-1, max-image-preview:large, max-video-preview:-1\" \/>\n<link rel=\"canonical\" href=\"https:\/\/www.ceide.unam.mx\/index.php\/aviso-simplificado\/\" \/>\n<meta property=\"og:locale\" content=\"es_MX\" \/>\n<meta property=\"og:type\" content=\"article\" \/>\n<meta property=\"og:title\" content=\"aviso-simplificado - COORDINACI\u00d3N DE EVALUACI\u00d3N, INNOVACI\u00d3N Y DESARROLLO EDUCATIVOS\" \/>\n<meta property=\"og:description\" content=\"[vc_row][vc_column][vc_column_text css=&#8221;.vc_custom_1729207310960{padding-top: 20px !important;padding-bottom: 20px !important;}&#8221;] Aviso de Privacidad Simplificado de la Coordinaci\u00f3n de Evaluaci\u00f3n, Innovaci\u00f3n y Desarrollo Educativos (CEIDE) Con domicilio en Edificio adjunto al Centro de Ciencias de la Complejidad 1er piso, Circuito Cultural s\/n, Colonia Ciudad Universitaria, Ciudad Universitaria, Alcald\u00eda Coyoac\u00e1n, C.P. 04510, en la Ciudad de M\u00e9xico,, recaba datos personales para ... Leer m\u00e1s\" \/>\n<meta property=\"og:url\" content=\"https:\/\/www.ceide.unam.mx\/index.php\/aviso-simplificado\/\" \/>\n<meta property=\"og:site_name\" content=\"COORDINACI\u00d3N DE EVALUACI\u00d3N, INNOVACI\u00d3N Y DESARROLLO EDUCATIVOS\" \/>\n<meta property=\"article:publisher\" content=\"https:\/\/www.facebook.com\/CEIDEUNAM\/\" \/>\n<meta property=\"article:modified_time\" content=\"2024-10-17T22:22:57+00:00\" \/>\n<meta property=\"og:image\" content=\"https:\/\/www.ceide.unam.mx\/wp-content\/uploads\/2024\/07\/Recurso-1.png\" \/>\n\t<meta property=\"og:image:width\" content=\"351\" \/>\n\t<meta property=\"og:image:height\" content=\"203\" \/>\n\t<meta property=\"og:image:type\" content=\"image\/png\" \/>\n<meta name=\"twitter:card\" content=\"summary_large_image\" \/>\n<meta name=\"twitter:site\" content=\"@CEIDE_UNAM\" \/>\n<meta name=\"twitter:label1\" content=\"Tiempo de lectura\" \/>\n\t<meta name=\"twitter:data1\" content=\"1 minuto\" \/>\n<script type=\"application\/ld+json\" class=\"yoast-schema-graph\">{\"@context\":\"https:\\\/\\\/schema.org\",\"@graph\":[{\"@type\":\"WebPage\",\"@id\":\"https:\\\/\\\/www.ceide.unam.mx\\\/index.php\\\/aviso-simplificado\\\/\",\"url\":\"https:\\\/\\\/www.ceide.unam.mx\\\/index.php\\\/aviso-simplificado\\\/\",\"name\":\"aviso-simplificado - COORDINACI\u00d3N DE EVALUACI\u00d3N, INNOVACI\u00d3N Y DESARROLLO EDUCATIVOS\",\"isPartOf\":{\"@id\":\"https:\\\/\\\/www.ceide.unam.mx\\\/#website\"},\"datePublished\":\"2024-10-15T19:04:14+00:00\",\"dateModified\":\"2024-10-17T22:22:57+00:00\",\"breadcrumb\":{\"@id\":\"https:\\\/\\\/www.ceide.unam.mx\\\/index.php\\\/aviso-simplificado\\\/#breadcrumb\"},\"inLanguage\":\"es\",\"potentialAction\":[{\"@type\":\"ReadAction\",\"target\":[\"https:\\\/\\\/www.ceide.unam.mx\\\/index.php\\\/aviso-simplificado\\\/\"]}]},{\"@type\":\"BreadcrumbList\",\"@id\":\"https:\\\/\\\/www.ceide.unam.mx\\\/index.php\\\/aviso-simplificado\\\/#breadcrumb\",\"itemListElement\":[{\"@type\":\"ListItem\",\"position\":1,\"name\":\"Inicio\",\"item\":\"https:\\\/\\\/www.ceide.unam.mx\\\/\"},{\"@type\":\"ListItem\",\"position\":2,\"name\":\"aviso-simplificado\"}]},{\"@type\":\"WebSite\",\"@id\":\"https:\\\/\\\/www.ceide.unam.mx\\\/#website\",\"url\":\"https:\\\/\\\/www.ceide.unam.mx\\\/\",\"name\":\"COORDINACION DE EVALUACION, INNOVACION Y DESARROLLO EDUCATIVOS\",\"description\":\"CEIDE\",\"publisher\":{\"@id\":\"https:\\\/\\\/www.ceide.unam.mx\\\/#organization\"},\"alternateName\":\"CEIDE - UNAM\",\"potentialAction\":[{\"@type\":\"SearchAction\",\"target\":{\"@type\":\"EntryPoint\",\"urlTemplate\":\"https:\\\/\\\/www.ceide.unam.mx\\\/?s={search_term_string}\"},\"query-input\":{\"@type\":\"PropertyValueSpecification\",\"valueRequired\":true,\"valueName\":\"search_term_string\"}}],\"inLanguage\":\"es\"},{\"@type\":\"Organization\",\"@id\":\"https:\\\/\\\/www.ceide.unam.mx\\\/#organization\",\"name\":\"COORDINACION DE EVALUACION, INNOVACION Y DESARROLLO EDUCATIVOS\",\"alternateName\":\"CEIDE - UNAM\",\"url\":\"https:\\\/\\\/www.ceide.unam.mx\\\/\",\"logo\":{\"@type\":\"ImageObject\",\"inLanguage\":\"es\",\"@id\":\"https:\\\/\\\/www.ceide.unam.mx\\\/#\\\/schema\\\/logo\\\/image\\\/\",\"url\":\"https:\\\/\\\/www.ceide.unam.mx\\\/wp-content\\\/uploads\\\/2024\\\/07\\\/Recurso-1.png\",\"contentUrl\":\"https:\\\/\\\/www.ceide.unam.mx\\\/wp-content\\\/uploads\\\/2024\\\/07\\\/Recurso-1.png\",\"width\":351,\"height\":203,\"caption\":\"COORDINACION DE EVALUACION, INNOVACION Y DESARROLLO EDUCATIVOS\"},\"image\":{\"@id\":\"https:\\\/\\\/www.ceide.unam.mx\\\/#\\\/schema\\\/logo\\\/image\\\/\"},\"sameAs\":[\"https:\\\/\\\/www.facebook.com\\\/CEIDEUNAM\\\/\",\"https:\\\/\\\/x.com\\\/CEIDE_UNAM\",\"https:\\\/\\\/www.instagram.com\\\/ceide_unam\\\/\",\"https:\\\/\\\/www.youtube.com\\\/@CEIDEUNAM\"]}]}<\/script>\n<!-- \/ Yoast SEO plugin. -->","yoast_head_json":{"title":"aviso-simplificado - COORDINACI\u00d3N DE EVALUACI\u00d3N, INNOVACI\u00d3N Y DESARROLLO EDUCATIVOS","robots":{"index":"index","follow":"follow","max-snippet":"max-snippet:-1","max-image-preview":"max-image-preview:large","max-video-preview":"max-video-preview:-1"},"canonical":"https:\/\/www.ceide.unam.mx\/index.php\/aviso-simplificado\/","og_locale":"es_MX","og_type":"article","og_title":"aviso-simplificado - COORDINACI\u00d3N DE EVALUACI\u00d3N, INNOVACI\u00d3N Y DESARROLLO EDUCATIVOS","og_description":"[vc_row][vc_column][vc_column_text css=&#8221;.vc_custom_1729207310960{padding-top: 20px !important;padding-bottom: 20px !important;}&#8221;] Aviso de Privacidad Simplificado de la Coordinaci\u00f3n de Evaluaci\u00f3n, Innovaci\u00f3n y Desarrollo Educativos (CEIDE) Con domicilio en Edificio adjunto al Centro de Ciencias de la Complejidad 1er piso, Circuito Cultural s\/n, Colonia Ciudad Universitaria, Ciudad Universitaria, Alcald\u00eda Coyoac\u00e1n, C.P. 04510, en la Ciudad de M\u00e9xico,, recaba datos personales para ... Leer m\u00e1s","og_url":"https:\/\/www.ceide.unam.mx\/index.php\/aviso-simplificado\/","og_site_name":"COORDINACI\u00d3N DE EVALUACI\u00d3N, INNOVACI\u00d3N Y DESARROLLO EDUCATIVOS","article_publisher":"https:\/\/www.facebook.com\/CEIDEUNAM\/","article_modified_time":"2024-10-17T22:22:57+00:00","og_image":[{"width":351,"height":203,"url":"https:\/\/www.ceide.unam.mx\/wp-content\/uploads\/2024\/07\/Recurso-1.png","type":"image\/png"}],"twitter_card":"summary_large_image","twitter_site":"@CEIDE_UNAM","twitter_misc":{"Tiempo de lectura":"1 minuto"},"schema":{"@context":"https:\/\/schema.org","@graph":[{"@type":"WebPage","@id":"https:\/\/www.ceide.unam.mx\/index.php\/aviso-simplificado\/","url":"https:\/\/www.ceide.unam.mx\/index.php\/aviso-simplificado\/","name":"aviso-simplificado - COORDINACI\u00d3N DE EVALUACI\u00d3N, INNOVACI\u00d3N Y DESARROLLO EDUCATIVOS","isPartOf":{"@id":"https:\/\/www.ceide.unam.mx\/#website"},"datePublished":"2024-10-15T19:04:14+00:00","dateModified":"2024-10-17T22:22:57+00:00","breadcrumb":{"@id":"https:\/\/www.ceide.unam.mx\/index.php\/aviso-simplificado\/#breadcrumb"},"inLanguage":"es","potentialAction":[{"@type":"ReadAction","target":["https:\/\/www.ceide.unam.mx\/index.php\/aviso-simplificado\/"]}]},{"@type":"BreadcrumbList","@id":"https:\/\/www.ceide.unam.mx\/index.php\/aviso-simplificado\/#breadcrumb","itemListElement":[{"@type":"ListItem","position":1,"name":"Inicio","item":"https:\/\/www.ceide.unam.mx\/"},{"@type":"ListItem","position":2,"name":"aviso-simplificado"}]},{"@type":"WebSite","@id":"https:\/\/www.ceide.unam.mx\/#website","url":"https:\/\/www.ceide.unam.mx\/","name":"COORDINACION DE EVALUACION, INNOVACION Y DESARROLLO EDUCATIVOS","description":"CEIDE","publisher":{"@id":"https:\/\/www.ceide.unam.mx\/#organization"},"alternateName":"CEIDE - UNAM","potentialAction":[{"@type":"SearchAction","target":{"@type":"EntryPoint","urlTemplate":"https:\/\/www.ceide.unam.mx\/?s={search_term_string}"},"query-input":{"@type":"PropertyValueSpecification","valueRequired":true,"valueName":"search_term_string"}}],"inLanguage":"es"},{"@type":"Organization","@id":"https:\/\/www.ceide.unam.mx\/#organization","name":"COORDINACION DE EVALUACION, INNOVACION Y DESARROLLO EDUCATIVOS","alternateName":"CEIDE - UNAM","url":"https:\/\/www.ceide.unam.mx\/","logo":{"@type":"ImageObject","inLanguage":"es","@id":"https:\/\/www.ceide.unam.mx\/#\/schema\/logo\/image\/","url":"https:\/\/www.ceide.unam.mx\/wp-content\/uploads\/2024\/07\/Recurso-1.png","contentUrl":"https:\/\/www.ceide.unam.mx\/wp-content\/uploads\/2024\/07\/Recurso-1.png","width":351,"height":203,"caption":"COORDINACION DE EVALUACION, INNOVACION Y DESARROLLO EDUCATIVOS"},"image":{"@id":"https:\/\/www.ceide.unam.mx\/#\/schema\/logo\/image\/"},"sameAs":["https:\/\/www.facebook.com\/CEIDEUNAM\/","https:\/\/x.com\/CEIDE_UNAM","https:\/\/www.instagram.com\/ceide_unam\/","https:\/\/www.youtube.com\/@CEIDEUNAM"]}]}},"_links":{"self":[{"href":"https:\/\/www.ceide.unam.mx\/index.php\/wp-json\/wp\/v2\/pages\/5950","targetHints":{"allow":["GET"]}}],"collection":[{"href":"https:\/\/www.ceide.unam.mx\/index.php\/wp-json\/wp\/v2\/pages"}],"about":[{"href":"https:\/\/www.ceide.unam.mx\/index.php\/wp-json\/wp\/v2\/types\/page"}],"author":[{"embeddable":true,"href":"https:\/\/www.ceide.unam.mx\/index.php\/wp-json\/wp\/v2\/users\/1"}],"replies":[{"embeddable":true,"href":"https:\/\/www.ceide.unam.mx\/index.php\/wp-json\/wp\/v2\/comments?post=5950"}],"version-history":[{"count":4,"href":"https:\/\/www.ceide.unam.mx\/index.php\/wp-json\/wp\/v2\/pages\/5950\/revisions"}],"predecessor-version":[{"id":5971,"href":"https:\/\/www.ceide.unam.mx\/index.php\/wp-json\/wp\/v2\/pages\/5950\/revisions\/5971"}],"wp:attachment":[{"href":"https:\/\/www.ceide.unam.mx\/index.php\/wp-json\/wp\/v2\/media?parent=5950"}],"curies":[{"name":"wp","href":"https:\/\/api.w.org\/{rel}","templated":true}]}}