{"id":3434,"date":"2024-08-05T22:48:05","date_gmt":"2024-08-05T22:48:05","guid":{"rendered":"https:\/\/www.ceide.unam.mx\/?page_id=3434"},"modified":"2024-08-05T23:13:53","modified_gmt":"2024-08-05T23:13:53","slug":"darnos-una-nueva-vida","status":"publish","type":"page","link":"https:\/\/www.ceide.unam.mx\/index.php\/darnos-una-nueva-vida\/","title":{"rendered":"Darnos una nueva vida"},"content":{"rendered":"<div class=\"wpb-content-wrapper\"><p>[vc_row full_width=&#8221;stretch_row&#8221; equal_height=&#8221;yes&#8221; content_placement=&#8221;middle&#8221; css=&#8221;.vc_custom_1722199664762{padding-top: 5% !important;padding-bottom: 5% !important;background-color: #272a61 !important;}&#8221;][vc_column width=&#8221;1\/6&#8243;][vc_single_image image=&#8221;2098&#8243; img_size=&#8221;full&#8221; alignment=&#8221;center&#8221; css=&#8221;&#8221;][\/vc_column][vc_column width=&#8221;3\/6&#8243;][vc_column_text css=&#8221;.vc_custom_1722199830828{margin-bottom: 0px !important;}&#8221;]<\/p>\n<h1><span style=\"color: #000;\"><span style=\"color: #ffffff;\">FICHA<br \/>\nDEL ART\u00cdCULO<\/span><\/span><\/h1>\n<p>[\/vc_column_text][vc_column_text css=&#8221;.vc_custom_1722199049291{margin-bottom: 0px !important;}&#8221;]<\/p>\n<h3><span style=\"color: #ffffff;\">CEIDE<\/span><\/h3>\n<p>[\/vc_column_text][\/vc_column][vc_column width=&#8221;2\/6&#8243;][vc_single_image image=&#8221;2111&#8243; img_size=&#8221;full&#8221; alignment=&#8221;center&#8221; css=&#8221;&#8221;][\/vc_column][\/vc_row][vc_row][vc_column width=&#8221;1\/6&#8243;][\/vc_column][vc_column width=&#8221;2\/3&#8243;][vc_column_text css=&#8221;.vc_custom_1722199926634{margin-bottom: 10px !important;}&#8221;]<\/p>\n<h5>T\u00cdTULO DE LA PUBLICACI\u00d3N<\/h5>\n<p>[\/vc_column_text][vc_column_text css=&#8221;.vc_custom_1722903108693{margin-bottom: 5px !important;}&#8221;]<\/p>\n<h1><span style=\"color: #000;\">Darnos una nueva vida<\/span><\/h1>\n<p>[\/vc_column_text][vc_column_text css=&#8221;&#8221;]<\/p>\n<h6>Julio &#8211; agosto 2023<\/h6>\n<p>[\/vc_column_text][vc_column_text css=&#8221;.vc_custom_1722278464073{margin-bottom: 10px !important;}&#8221;]<\/p>\n<h5>DOI<\/h5>\n<p>[\/vc_column_text][vc_column_text css=&#8221;.vc_custom_1722903142804{margin-bottom: 10px !important;}&#8221;]<\/p>\n<h6>http:\/\/doi.org\/10.22201\/cuaieed.16076079e.2023.24.4.0<\/h6>\n<p>[\/vc_column_text][vc_column_text css=&#8221;.vc_custom_1722199890227{margin-bottom: 10px !important;}&#8221;]<\/p>\n<h5>AUTORES<\/h5>\n<p>[\/vc_column_text][vc_column_text css=&#8221;.vc_custom_1722903169094{margin-bottom: 10px !important;}&#8221;]<\/p>\n<h6>Mario Alberto Benavides Lara<\/h6>\n<p>[\/vc_column_text][vc_column_text css=&#8221;.vc_custom_1722200030604{margin-bottom: 10px !important;}&#8221;]<\/p>\n<h5>PALABRAS CLAVE<\/h5>\n<p>[\/vc_column_text][vc_column_text css=&#8221;&#8221;]-[\/vc_column_text][vc_column_text css=&#8221;.vc_custom_1722200062820{margin-bottom: 10px !important;}&#8221;]<\/p>\n<h5>RESUMEN<\/h5>\n<p>[\/vc_column_text][vc_column_text css=&#8221;&#8221;]Editorial de la Revista Digital Universitaria, que comenta textos sobre c\u00f3mo el conocimiento que se genera por medio de la ciencia y la tecnolog\u00eda puede ser usado para prop\u00f3sitos enfocados en el bienestar de las personas y del mundo.[\/vc_column_text][vc_row_inner equal_height=&#8221;yes&#8221; content_placement=&#8221;middle&#8221; css=&#8221;.vc_custom_1722198069035{margin-bottom: 5% !important;}&#8221;][vc_column_inner width=&#8221;1\/3&#8243;][\/vc_column_inner][vc_column_inner width=&#8221;1\/3&#8243;][vc_btn title=&#8221;Volver&#8221; style=&#8221;custom&#8221; custom_background=&#8221;#fb5c2a&#8221; custom_text=&#8221;#ffffff&#8221; shape=&#8221;round&#8221; size=&#8221;xs&#8221; align=&#8221;center&#8221; css_animation=&#8221;bounceInLeft&#8221; css=&#8221;&#8221; button_block=&#8221;true&#8221; link=&#8221;url:https%3A%2F%2Fwww.ceide.unam.mx%2Findex.php%2Farticulos%2F|title:apps%20muestra&#8221;][\/vc_column_inner][vc_column_inner width=&#8221;1\/3&#8243;][vc_btn title=&#8221;DOI \u2192&#8221; style=&#8221;custom&#8221; custom_background=&#8221;rgba(5,5,5,0.92)&#8221; custom_text=&#8221;#ffffff&#8221; shape=&#8221;round&#8221; size=&#8221;xs&#8221; align=&#8221;center&#8221; css_animation=&#8221;bounceInLeft&#8221; css=&#8221;&#8221; button_block=&#8221;true&#8221; link=&#8221;url:http%3A%2F%2Fdoi.org%2F10.22201%2Fcuaieed.16076079e.2023.24.4.0|target:_blank&#8221;][\/vc_column_inner][\/vc_row_inner][\/vc_column][vc_column width=&#8221;1\/6&#8243;][\/vc_column][\/vc_row][vc_row css=&#8221;.vc_custom_1718052463121{margin-top: 5% !important;margin-bottom: 3% !important;}&#8221;][vc_column width=&#8221;1\/3&#8243;][\/vc_column][vc_column width=&#8221;1\/3&#8243;][\/vc_column][vc_column width=&#8221;1\/3&#8243; css=&#8221;.vc_custom_1718062048286{padding-left: 25px !important;}&#8221;][vc_column_text css=&#8221;.vc_custom_1719535677895{margin-bottom: 0px !important;}&#8221;]<\/p>\n<h1>SECCIONES<br \/>\nDE INTER\u00c9S<\/h1>\n<p>[\/vc_column_text][vc_column_text css=&#8221;&#8221;]<\/p>\n<h3><span style=\"color: #fb5c2a;\">NAVEGACI\u00d3N<\/span><\/h3>\n<p>[\/vc_column_text][\/vc_column][\/vc_row][vc_row equal_height=&#8221;yes&#8221; css=&#8221;.vc_custom_1721850100701{margin-bottom: 10% !important;padding-top: 20px !important;padding-right: 20px !important;padding-bottom: 20px !important;padding-left: 20px !important;}&#8221;][vc_column width=&#8221;1\/3&#8243;][vc_single_image image=&#8221;2007&#8243; img_size=&#8221;full&#8221; alignment=&#8221;center&#8221; onclick=&#8221;custom_link&#8221; css_animation=&#8221;fadeInUp&#8221; css=&#8221;.vc_custom_1722875164348{margin-bottom: 10px !important;}&#8221; link=&#8221;https:\/\/www.ceide.unam.mx\/index.php\/ceide-evaluacion-educativa\/&#8221;][\/vc_column][vc_column width=&#8221;1\/3&#8243;][vc_single_image image=&#8221;2005&#8243; img_size=&#8221;full&#8221; alignment=&#8221;center&#8221; onclick=&#8221;custom_link&#8221; css_animation=&#8221;fadeInUp&#8221; css=&#8221;.vc_custom_1722875170211{margin-bottom: 10px !important;}&#8221; link=&#8221;https:\/\/www.ceide.unam.mx\/index.php\/ceide-innovacion-educativa-y-desarrollo-curricular\/&#8221;][\/vc_column][vc_column width=&#8221;1\/3&#8243;][vc_single_image image=&#8221;2008&#8243; img_size=&#8221;full&#8221; alignment=&#8221;center&#8221; onclick=&#8221;custom_link&#8221; css_animation=&#8221;fadeInUp&#8221; css=&#8221;&#8221; link=&#8221;https:\/\/www.ceide.unam.mx\/index.php\/ceide-formacion-docente\/&#8221;][\/vc_column][\/vc_row]<\/p>\n<\/div>","protected":false},"excerpt":{"rendered":"<p>[vc_row full_width=&#8221;stretch_row&#8221; equal_height=&#8221;yes&#8221; content_placement=&#8221;middle&#8221; css=&#8221;.vc_custom_1722199664762{padding-top: 5% !important;padding-bottom: 5% !important;background-color: #272a61 !important;}&#8221;][vc_column width=&#8221;1\/6&#8243;][vc_single_image image=&#8221;2098&#8243; img_size=&#8221;full&#8221; alignment=&#8221;center&#8221; css=&#8221;&#8221;][\/vc_column][vc_column width=&#8221;3\/6&#8243;][vc_column_text css=&#8221;.vc_custom_1722199830828{margin-bottom: 0px !important;}&#8221;] FICHA DEL ART\u00cdCULO [\/vc_column_text][vc_column_text css=&#8221;.vc_custom_1722199049291{margin-bottom: 0px !important;}&#8221;] CEIDE [\/vc_column_text][\/vc_column][vc_column width=&#8221;2\/6&#8243;][vc_single_image image=&#8221;2111&#8243; img_size=&#8221;full&#8221; alignment=&#8221;center&#8221; css=&#8221;&#8221;][\/vc_column][\/vc_row][vc_row][vc_column width=&#8221;1\/6&#8243;][\/vc_column][vc_column width=&#8221;2\/3&#8243;][vc_column_text css=&#8221;.vc_custom_1722199926634{margin-bottom: 10px !important;}&#8221;] T\u00cdTULO DE LA PUBLICACI\u00d3N [\/vc_column_text][vc_column_text css=&#8221;.vc_custom_1722903108693{margin-bottom: 5px !important;}&#8221;] Darnos una nueva vida [\/vc_column_text][vc_column_text css=&#8221;&#8221;] Julio &#8211; &#8230; <a title=\"Darnos una nueva vida\" class=\"read-more\" href=\"https:\/\/www.ceide.unam.mx\/index.php\/darnos-una-nueva-vida\/\" aria-label=\"Leer m\u00e1s sobre Darnos una nueva vida\">Leer m\u00e1s<\/a><\/p>\n","protected":false},"author":1,"featured_media":0,"parent":0,"menu_order":0,"comment_status":"closed","ping_status":"closed","template":"","meta":{"footnotes":""},"class_list":["post-3434","page","type-page","status-publish"],"yoast_head":"<!-- This site is optimized with the Yoast SEO plugin v27.3 - https:\/\/yoast.com\/product\/yoast-seo-wordpress\/ -->\n<title>Darnos una nueva vida - COORDINACI\u00d3N DE EVALUACI\u00d3N, INNOVACI\u00d3N Y DESARROLLO EDUCATIVOS<\/title>\n<meta name=\"robots\" content=\"index, follow, max-snippet:-1, max-image-preview:large, max-video-preview:-1\" \/>\n<link rel=\"canonical\" href=\"https:\/\/www.ceide.unam.mx\/index.php\/darnos-una-nueva-vida\/\" \/>\n<meta property=\"og:locale\" content=\"es_MX\" \/>\n<meta property=\"og:type\" content=\"article\" \/>\n<meta property=\"og:title\" content=\"Darnos una nueva vida - COORDINACI\u00d3N DE EVALUACI\u00d3N, INNOVACI\u00d3N Y DESARROLLO EDUCATIVOS\" \/>\n<meta property=\"og:description\" content=\"[vc_row full_width=&#8221;stretch_row&#8221; equal_height=&#8221;yes&#8221; content_placement=&#8221;middle&#8221; css=&#8221;.vc_custom_1722199664762{padding-top: 5% !important;padding-bottom: 5% !important;background-color: #272a61 !important;}&#8221;][vc_column width=&#8221;1\/6&#8243;][vc_single_image image=&#8221;2098&#8243; img_size=&#8221;full&#8221; alignment=&#8221;center&#8221; css=&#8221;&#8221;][\/vc_column][vc_column width=&#8221;3\/6&#8243;][vc_column_text css=&#8221;.vc_custom_1722199830828{margin-bottom: 0px !important;}&#8221;] FICHA DEL ART\u00cdCULO [\/vc_column_text][vc_column_text css=&#8221;.vc_custom_1722199049291{margin-bottom: 0px !important;}&#8221;] CEIDE [\/vc_column_text][\/vc_column][vc_column width=&#8221;2\/6&#8243;][vc_single_image image=&#8221;2111&#8243; img_size=&#8221;full&#8221; alignment=&#8221;center&#8221; css=&#8221;&#8221;][\/vc_column][\/vc_row][vc_row][vc_column width=&#8221;1\/6&#8243;][\/vc_column][vc_column width=&#8221;2\/3&#8243;][vc_column_text css=&#8221;.vc_custom_1722199926634{margin-bottom: 10px !important;}&#8221;] T\u00cdTULO DE LA PUBLICACI\u00d3N [\/vc_column_text][vc_column_text css=&#8221;.vc_custom_1722903108693{margin-bottom: 5px !important;}&#8221;] Darnos una nueva vida [\/vc_column_text][vc_column_text css=&#8221;&#8221;] Julio &#8211; ... Leer m\u00e1s\" \/>\n<meta property=\"og:url\" content=\"https:\/\/www.ceide.unam.mx\/index.php\/darnos-una-nueva-vida\/\" \/>\n<meta property=\"og:site_name\" content=\"COORDINACI\u00d3N DE EVALUACI\u00d3N, INNOVACI\u00d3N Y DESARROLLO EDUCATIVOS\" \/>\n<meta property=\"article:publisher\" content=\"https:\/\/www.facebook.com\/CEIDEUNAM\/\" \/>\n<meta property=\"article:modified_time\" content=\"2024-08-05T23:13:53+00:00\" \/>\n<meta property=\"og:image\" content=\"https:\/\/www.ceide.unam.mx\/wp-content\/uploads\/2024\/07\/Recurso-1.png\" \/>\n\t<meta property=\"og:image:width\" content=\"351\" \/>\n\t<meta property=\"og:image:height\" content=\"203\" \/>\n\t<meta property=\"og:image:type\" content=\"image\/png\" \/>\n<meta name=\"twitter:card\" content=\"summary_large_image\" \/>\n<meta name=\"twitter:site\" content=\"@CEIDE_UNAM\" \/>\n<meta name=\"twitter:label1\" content=\"Tiempo de lectura\" \/>\n\t<meta name=\"twitter:data1\" content=\"3 minutos\" \/>\n<script type=\"application\/ld+json\" class=\"yoast-schema-graph\">{\"@context\":\"https:\\\/\\\/schema.org\",\"@graph\":[{\"@type\":\"WebPage\",\"@id\":\"https:\\\/\\\/www.ceide.unam.mx\\\/index.php\\\/darnos-una-nueva-vida\\\/\",\"url\":\"https:\\\/\\\/www.ceide.unam.mx\\\/index.php\\\/darnos-una-nueva-vida\\\/\",\"name\":\"Darnos una nueva vida - COORDINACI\u00d3N DE EVALUACI\u00d3N, INNOVACI\u00d3N Y DESARROLLO EDUCATIVOS\",\"isPartOf\":{\"@id\":\"https:\\\/\\\/www.ceide.unam.mx\\\/#website\"},\"datePublished\":\"2024-08-05T22:48:05+00:00\",\"dateModified\":\"2024-08-05T23:13:53+00:00\",\"breadcrumb\":{\"@id\":\"https:\\\/\\\/www.ceide.unam.mx\\\/index.php\\\/darnos-una-nueva-vida\\\/#breadcrumb\"},\"inLanguage\":\"es\",\"potentialAction\":[{\"@type\":\"ReadAction\",\"target\":[\"https:\\\/\\\/www.ceide.unam.mx\\\/index.php\\\/darnos-una-nueva-vida\\\/\"]}]},{\"@type\":\"BreadcrumbList\",\"@id\":\"https:\\\/\\\/www.ceide.unam.mx\\\/index.php\\\/darnos-una-nueva-vida\\\/#breadcrumb\",\"itemListElement\":[{\"@type\":\"ListItem\",\"position\":1,\"name\":\"Inicio\",\"item\":\"https:\\\/\\\/www.ceide.unam.mx\\\/\"},{\"@type\":\"ListItem\",\"position\":2,\"name\":\"Darnos una nueva vida\"}]},{\"@type\":\"WebSite\",\"@id\":\"https:\\\/\\\/www.ceide.unam.mx\\\/#website\",\"url\":\"https:\\\/\\\/www.ceide.unam.mx\\\/\",\"name\":\"COORDINACION DE EVALUACION, INNOVACION Y DESARROLLO EDUCATIVOS\",\"description\":\"CEIDE\",\"publisher\":{\"@id\":\"https:\\\/\\\/www.ceide.unam.mx\\\/#organization\"},\"alternateName\":\"CEIDE - UNAM\",\"potentialAction\":[{\"@type\":\"SearchAction\",\"target\":{\"@type\":\"EntryPoint\",\"urlTemplate\":\"https:\\\/\\\/www.ceide.unam.mx\\\/?s={search_term_string}\"},\"query-input\":{\"@type\":\"PropertyValueSpecification\",\"valueRequired\":true,\"valueName\":\"search_term_string\"}}],\"inLanguage\":\"es\"},{\"@type\":\"Organization\",\"@id\":\"https:\\\/\\\/www.ceide.unam.mx\\\/#organization\",\"name\":\"COORDINACION DE EVALUACION, INNOVACION Y DESARROLLO EDUCATIVOS\",\"alternateName\":\"CEIDE - UNAM\",\"url\":\"https:\\\/\\\/www.ceide.unam.mx\\\/\",\"logo\":{\"@type\":\"ImageObject\",\"inLanguage\":\"es\",\"@id\":\"https:\\\/\\\/www.ceide.unam.mx\\\/#\\\/schema\\\/logo\\\/image\\\/\",\"url\":\"https:\\\/\\\/www.ceide.unam.mx\\\/wp-content\\\/uploads\\\/2024\\\/07\\\/Recurso-1.png\",\"contentUrl\":\"https:\\\/\\\/www.ceide.unam.mx\\\/wp-content\\\/uploads\\\/2024\\\/07\\\/Recurso-1.png\",\"width\":351,\"height\":203,\"caption\":\"COORDINACION DE EVALUACION, INNOVACION Y DESARROLLO EDUCATIVOS\"},\"image\":{\"@id\":\"https:\\\/\\\/www.ceide.unam.mx\\\/#\\\/schema\\\/logo\\\/image\\\/\"},\"sameAs\":[\"https:\\\/\\\/www.facebook.com\\\/CEIDEUNAM\\\/\",\"https:\\\/\\\/x.com\\\/CEIDE_UNAM\",\"https:\\\/\\\/www.instagram.com\\\/ceide_unam\\\/\",\"https:\\\/\\\/www.youtube.com\\\/@CEIDEUNAM\"]}]}<\/script>\n<!-- \/ Yoast SEO plugin. -->","yoast_head_json":{"title":"Darnos una nueva vida - COORDINACI\u00d3N DE EVALUACI\u00d3N, INNOVACI\u00d3N Y DESARROLLO EDUCATIVOS","robots":{"index":"index","follow":"follow","max-snippet":"max-snippet:-1","max-image-preview":"max-image-preview:large","max-video-preview":"max-video-preview:-1"},"canonical":"https:\/\/www.ceide.unam.mx\/index.php\/darnos-una-nueva-vida\/","og_locale":"es_MX","og_type":"article","og_title":"Darnos una nueva vida - COORDINACI\u00d3N DE EVALUACI\u00d3N, INNOVACI\u00d3N Y DESARROLLO EDUCATIVOS","og_description":"[vc_row full_width=&#8221;stretch_row&#8221; equal_height=&#8221;yes&#8221; content_placement=&#8221;middle&#8221; css=&#8221;.vc_custom_1722199664762{padding-top: 5% !important;padding-bottom: 5% !important;background-color: #272a61 !important;}&#8221;][vc_column width=&#8221;1\/6&#8243;][vc_single_image image=&#8221;2098&#8243; img_size=&#8221;full&#8221; alignment=&#8221;center&#8221; css=&#8221;&#8221;][\/vc_column][vc_column width=&#8221;3\/6&#8243;][vc_column_text css=&#8221;.vc_custom_1722199830828{margin-bottom: 0px !important;}&#8221;] FICHA DEL ART\u00cdCULO [\/vc_column_text][vc_column_text css=&#8221;.vc_custom_1722199049291{margin-bottom: 0px !important;}&#8221;] CEIDE [\/vc_column_text][\/vc_column][vc_column width=&#8221;2\/6&#8243;][vc_single_image image=&#8221;2111&#8243; img_size=&#8221;full&#8221; alignment=&#8221;center&#8221; css=&#8221;&#8221;][\/vc_column][\/vc_row][vc_row][vc_column width=&#8221;1\/6&#8243;][\/vc_column][vc_column width=&#8221;2\/3&#8243;][vc_column_text css=&#8221;.vc_custom_1722199926634{margin-bottom: 10px !important;}&#8221;] T\u00cdTULO DE LA PUBLICACI\u00d3N [\/vc_column_text][vc_column_text css=&#8221;.vc_custom_1722903108693{margin-bottom: 5px !important;}&#8221;] Darnos una nueva vida [\/vc_column_text][vc_column_text css=&#8221;&#8221;] Julio &#8211; ... Leer m\u00e1s","og_url":"https:\/\/www.ceide.unam.mx\/index.php\/darnos-una-nueva-vida\/","og_site_name":"COORDINACI\u00d3N DE EVALUACI\u00d3N, INNOVACI\u00d3N Y DESARROLLO EDUCATIVOS","article_publisher":"https:\/\/www.facebook.com\/CEIDEUNAM\/","article_modified_time":"2024-08-05T23:13:53+00:00","og_image":[{"width":351,"height":203,"url":"https:\/\/www.ceide.unam.mx\/wp-content\/uploads\/2024\/07\/Recurso-1.png","type":"image\/png"}],"twitter_card":"summary_large_image","twitter_site":"@CEIDE_UNAM","twitter_misc":{"Tiempo de lectura":"3 minutos"},"schema":{"@context":"https:\/\/schema.org","@graph":[{"@type":"WebPage","@id":"https:\/\/www.ceide.unam.mx\/index.php\/darnos-una-nueva-vida\/","url":"https:\/\/www.ceide.unam.mx\/index.php\/darnos-una-nueva-vida\/","name":"Darnos una nueva vida - COORDINACI\u00d3N DE EVALUACI\u00d3N, INNOVACI\u00d3N Y DESARROLLO EDUCATIVOS","isPartOf":{"@id":"https:\/\/www.ceide.unam.mx\/#website"},"datePublished":"2024-08-05T22:48:05+00:00","dateModified":"2024-08-05T23:13:53+00:00","breadcrumb":{"@id":"https:\/\/www.ceide.unam.mx\/index.php\/darnos-una-nueva-vida\/#breadcrumb"},"inLanguage":"es","potentialAction":[{"@type":"ReadAction","target":["https:\/\/www.ceide.unam.mx\/index.php\/darnos-una-nueva-vida\/"]}]},{"@type":"BreadcrumbList","@id":"https:\/\/www.ceide.unam.mx\/index.php\/darnos-una-nueva-vida\/#breadcrumb","itemListElement":[{"@type":"ListItem","position":1,"name":"Inicio","item":"https:\/\/www.ceide.unam.mx\/"},{"@type":"ListItem","position":2,"name":"Darnos una nueva vida"}]},{"@type":"WebSite","@id":"https:\/\/www.ceide.unam.mx\/#website","url":"https:\/\/www.ceide.unam.mx\/","name":"COORDINACION DE EVALUACION, INNOVACION Y DESARROLLO EDUCATIVOS","description":"CEIDE","publisher":{"@id":"https:\/\/www.ceide.unam.mx\/#organization"},"alternateName":"CEIDE - UNAM","potentialAction":[{"@type":"SearchAction","target":{"@type":"EntryPoint","urlTemplate":"https:\/\/www.ceide.unam.mx\/?s={search_term_string}"},"query-input":{"@type":"PropertyValueSpecification","valueRequired":true,"valueName":"search_term_string"}}],"inLanguage":"es"},{"@type":"Organization","@id":"https:\/\/www.ceide.unam.mx\/#organization","name":"COORDINACION DE EVALUACION, INNOVACION Y DESARROLLO EDUCATIVOS","alternateName":"CEIDE - UNAM","url":"https:\/\/www.ceide.unam.mx\/","logo":{"@type":"ImageObject","inLanguage":"es","@id":"https:\/\/www.ceide.unam.mx\/#\/schema\/logo\/image\/","url":"https:\/\/www.ceide.unam.mx\/wp-content\/uploads\/2024\/07\/Recurso-1.png","contentUrl":"https:\/\/www.ceide.unam.mx\/wp-content\/uploads\/2024\/07\/Recurso-1.png","width":351,"height":203,"caption":"COORDINACION DE EVALUACION, INNOVACION Y DESARROLLO EDUCATIVOS"},"image":{"@id":"https:\/\/www.ceide.unam.mx\/#\/schema\/logo\/image\/"},"sameAs":["https:\/\/www.facebook.com\/CEIDEUNAM\/","https:\/\/x.com\/CEIDE_UNAM","https:\/\/www.instagram.com\/ceide_unam\/","https:\/\/www.youtube.com\/@CEIDEUNAM"]}]}},"_links":{"self":[{"href":"https:\/\/www.ceide.unam.mx\/index.php\/wp-json\/wp\/v2\/pages\/3434","targetHints":{"allow":["GET"]}}],"collection":[{"href":"https:\/\/www.ceide.unam.mx\/index.php\/wp-json\/wp\/v2\/pages"}],"about":[{"href":"https:\/\/www.ceide.unam.mx\/index.php\/wp-json\/wp\/v2\/types\/page"}],"author":[{"embeddable":true,"href":"https:\/\/www.ceide.unam.mx\/index.php\/wp-json\/wp\/v2\/users\/1"}],"replies":[{"embeddable":true,"href":"https:\/\/www.ceide.unam.mx\/index.php\/wp-json\/wp\/v2\/comments?post=3434"}],"version-history":[{"count":2,"href":"https:\/\/www.ceide.unam.mx\/index.php\/wp-json\/wp\/v2\/pages\/3434\/revisions"}],"predecessor-version":[{"id":3457,"href":"https:\/\/www.ceide.unam.mx\/index.php\/wp-json\/wp\/v2\/pages\/3434\/revisions\/3457"}],"wp:attachment":[{"href":"https:\/\/www.ceide.unam.mx\/index.php\/wp-json\/wp\/v2\/media?parent=3434"}],"curies":[{"name":"wp","href":"https:\/\/api.w.org\/{rel}","templated":true}]}}