{"id":2456,"date":"2024-07-31T23:35:57","date_gmt":"2024-07-31T23:35:57","guid":{"rendered":"https:\/\/www.ceide.unam.mx\/?page_id=2456"},"modified":"2025-03-21T19:57:46","modified_gmt":"2025-03-21T19:57:46","slug":"piensa-mas-alla","status":"publish","type":"page","link":"https:\/\/www.ceide.unam.mx\/index.php\/piensa-mas-alla\/","title":{"rendered":"Piensa mas alla"},"content":{"rendered":"<div class=\"wpb-content-wrapper\"><p>[vc_row full_width=&#8221;stretch_row&#8221; equal_height=&#8221;yes&#8221; content_placement=&#8221;middle&#8221; css=&#8221;.vc_custom_1722108509073{padding-top: 5% !important;padding-bottom: 5% !important;background-color: #9ad4ed !important;}&#8221;][vc_column width=&#8221;2\/3&#8243;][vc_column_text css=&#8221;.vc_custom_1722472944976{margin-bottom: 0px !important;}&#8221;]<\/p>\n<h1><span style=\"color: #000;\">Piensa<br \/>\nm\u00e1s all\u00e1<br \/>\n<\/span><\/h1>\n<p>[\/vc_column_text][vc_column_text css=&#8221;.vc_custom_1722107481149{margin-bottom: 0px !important;}&#8221;]<\/p>\n<h3>SITIOS DE INTER\u00c9S<\/h3>\n<p>[\/vc_column_text][\/vc_column][vc_column width=&#8221;1\/3&#8243;][vc_single_image image=&#8221;1892&#8243; img_size=&#8221;full&#8221; alignment=&#8221;center&#8221; css=&#8221;&#8221;][\/vc_column][\/vc_row][vc_row][vc_column][vc_row_inner content_placement=&#8221;middle&#8221; css=&#8221;.vc_custom_1722299332222{margin-bottom: 0px !important;padding-bottom: 0px !important;}&#8221;][vc_column_inner width=&#8221;1\/3&#8243;][vc_single_image image=&#8221;2440&#8243; img_size=&#8221;full&#8221; alignment=&#8221;center&#8221; onclick=&#8221;custom_link&#8221; img_link_target=&#8221;_blank&#8221; css=&#8221;.vc_custom_1722472952579{margin-bottom: 20px !important;}&#8221; link=&#8221;https:\/\/www.pruebate.unam.mx:8181\/pruebate\/faces\/index.xhtml&#8221;][\/vc_column_inner][vc_column_inner width=&#8221;2\/3&#8243; css=&#8221;.vc_custom_1722108226000{padding: 5% !important;}&#8221;][vc_column_text css=&#8221;.vc_custom_1722530617333{margin-bottom: 10px !important;}&#8221;]<\/p>\n<h1><span style=\"color: #000;\">P\u00daBLICO EN GENERAL<\/span><\/h1>\n<p>[\/vc_column_text][vc_column_text css=&#8221;.vc_custom_1722108074649{margin-bottom: 0px !important;}&#8221;]<\/p>\n<h5 style=\"text-align: left;\"><span style=\"color: #808080;\">DESCRIPCI\u00d3N<\/span><\/h5>\n<p>[\/vc_column_text][vc_column_text css=&#8221;&#8221;]Webapp con la que puedes practicar tus habilidades de pensamiento cr\u00edtico, creer\u00e1s y dudar\u00e1s en torno a situaciones pol\u00e9micas de diferentes temas. Adem\u00e1s, como profesor, tambi\u00e9n puedes crear escenarios con situaciones pol\u00e9micas de tu disciplina o de la asignatura que impartes.[\/vc_column_text][vc_column_text css=&#8221;.vc_custom_1722108085420{margin-bottom: 0px !important;}&#8221;]<\/p>\n<h5 style=\"text-align: left;\"><span style=\"color: #808080;\">PALABRAS CLAVE<\/span><\/h5>\n<p>[\/vc_column_text][vc_column_text css=&#8221;&#8221;]Pensamiento cr\u00edtico, habilidades cognitivas, desarrollo de habilidades, escenarios pol\u00e9micos, simulador de debate, aprendizaje activo, toma de decisiones, resoluci\u00f3n de problemas, herramienta docente[\/vc_column_text][\/vc_column_inner][\/vc_row_inner][vc_row_inner equal_height=&#8221;yes&#8221; content_placement=&#8221;middle&#8221; css=&#8221;.vc_custom_1722299265214{margin-top: 0px !important;margin-bottom: 5% !important;padding-top: 0px !important;}&#8221;][vc_column_inner width=&#8221;1\/5&#8243;][\/vc_column_inner][vc_column_inner width=&#8221;1\/5&#8243;][\/vc_column_inner][vc_column_inner width=&#8221;1\/5&#8243;][\/vc_column_inner][vc_column_inner width=&#8221;1\/5&#8243;][vc_btn title=&#8221;M\u00c1S SITIOS \u2192&#8221; style=&#8221;custom&#8221; custom_background=&#8221;#fb5c2a&#8221; custom_text=&#8221;#ffffff&#8221; shape=&#8221;round&#8221; size=&#8221;xs&#8221; align=&#8221;center&#8221; css_animation=&#8221;bounceInLeft&#8221; css=&#8221;&#8221; button_block=&#8221;true&#8221; link=&#8221;url:https%3A%2F%2Fwww.ceide.unam.mx%2Findex.php%2Fsitios-de-interes%2F|title:SITIOS%20DE%20INTER%C3%89S%20CEIDE&#8221;][\/vc_column_inner][vc_column_inner width=&#8221;1\/5&#8243;][vc_btn title=&#8221;IR AL SITIO \u2192&#8221; style=&#8221;custom&#8221; custom_background=&#8221;rgba(5,5,5,0.92)&#8221; custom_text=&#8221;#ffffff&#8221; shape=&#8221;round&#8221; size=&#8221;xs&#8221; align=&#8221;center&#8221; css_animation=&#8221;bounceInLeft&#8221; css=&#8221;&#8221; button_block=&#8221;true&#8221; link=&#8221;url:https%3A%2F%2Fpiensamasalla.ceide.unam.mx%2F|target:_blank&#8221;][\/vc_column_inner][\/vc_row_inner][\/vc_column][\/vc_row][vc_row css=&#8221;.vc_custom_1718052463121{margin-top: 5% !important;margin-bottom: 3% !important;}&#8221;][vc_column width=&#8221;1\/3&#8243;][\/vc_column][vc_column width=&#8221;1\/3&#8243;][\/vc_column][vc_column width=&#8221;1\/3&#8243; css=&#8221;.vc_custom_1718062048286{padding-left: 25px !important;}&#8221;][vc_column_text css=&#8221;.vc_custom_1719595382759{margin-bottom: 0px !important;}&#8221;]<\/p>\n<h1>SECCIONES<br \/>\nDE INTER\u00c9S<\/h1>\n<p>[\/vc_column_text][vc_column_text css=&#8221;&#8221;]<\/p>\n<h3><span style=\"color: #fb5c2a;\">NAVEGACI\u00d3N<\/span><\/h3>\n<p>[\/vc_column_text][\/vc_column][\/vc_row][vc_row equal_height=&#8221;yes&#8221; css=&#8221;.vc_custom_1721850100701{margin-bottom: 10% !important;padding-top: 20px !important;padding-right: 20px !important;padding-bottom: 20px !important;padding-left: 20px !important;}&#8221;][vc_column width=&#8221;1\/3&#8243;][vc_single_image image=&#8221;2007&#8243; img_size=&#8221;full&#8221; alignment=&#8221;center&#8221; onclick=&#8221;custom_link&#8221; css_animation=&#8221;fadeInUp&#8221; css=&#8221;.vc_custom_1722629851680{margin-bottom: 10px !important;}&#8221; link=&#8221;https:\/\/www.ceide.unam.mx\/index.php\/ceide-evaluacion-educativa\/&#8221;][\/vc_column][vc_column width=&#8221;1\/3&#8243;][vc_single_image image=&#8221;2005&#8243; img_size=&#8221;full&#8221; alignment=&#8221;center&#8221; onclick=&#8221;custom_link&#8221; css_animation=&#8221;fadeInUp&#8221; css=&#8221;.vc_custom_1722629856804{margin-bottom: 10px !important;}&#8221; link=&#8221;https:\/\/www.ceide.unam.mx\/index.php\/ceide-innovacion-educativa-y-desarrollo-curricular\/&#8221;][\/vc_column][vc_column width=&#8221;1\/3&#8243;][vc_single_image image=&#8221;2008&#8243; img_size=&#8221;full&#8221; alignment=&#8221;center&#8221; onclick=&#8221;custom_link&#8221; css_animation=&#8221;fadeInUp&#8221; css=&#8221;&#8221; link=&#8221;https:\/\/www.ceide.unam.mx\/index.php\/ceide-formacion-docente\/&#8221;][\/vc_column][\/vc_row]<\/p>\n<\/div>","protected":false},"excerpt":{"rendered":"<p>[vc_row full_width=&#8221;stretch_row&#8221; equal_height=&#8221;yes&#8221; content_placement=&#8221;middle&#8221; css=&#8221;.vc_custom_1722108509073{padding-top: 5% !important;padding-bottom: 5% !important;background-color: #9ad4ed !important;}&#8221;][vc_column width=&#8221;2\/3&#8243;][vc_column_text css=&#8221;.vc_custom_1722472944976{margin-bottom: 0px !important;}&#8221;] Piensa m\u00e1s all\u00e1 [\/vc_column_text][vc_column_text css=&#8221;.vc_custom_1722107481149{margin-bottom: 0px !important;}&#8221;] SITIOS DE INTER\u00c9S [\/vc_column_text][\/vc_column][vc_column width=&#8221;1\/3&#8243;][vc_single_image image=&#8221;1892&#8243; img_size=&#8221;full&#8221; alignment=&#8221;center&#8221; css=&#8221;&#8221;][\/vc_column][\/vc_row][vc_row][vc_column][vc_row_inner content_placement=&#8221;middle&#8221; css=&#8221;.vc_custom_1722299332222{margin-bottom: 0px !important;padding-bottom: 0px !important;}&#8221;][vc_column_inner width=&#8221;1\/3&#8243;][vc_single_image image=&#8221;2440&#8243; img_size=&#8221;full&#8221; alignment=&#8221;center&#8221; onclick=&#8221;custom_link&#8221; img_link_target=&#8221;_blank&#8221; css=&#8221;.vc_custom_1722472952579{margin-bottom: 20px !important;}&#8221; link=&#8221;https:\/\/www.pruebate.unam.mx:8181\/pruebate\/faces\/index.xhtml&#8221;][\/vc_column_inner][vc_column_inner width=&#8221;2\/3&#8243; css=&#8221;.vc_custom_1722108226000{padding: 5% !important;}&#8221;][vc_column_text css=&#8221;.vc_custom_1722530617333{margin-bottom: 10px !important;}&#8221;] P\u00daBLICO &#8230; <a title=\"Piensa mas alla\" class=\"read-more\" href=\"https:\/\/www.ceide.unam.mx\/index.php\/piensa-mas-alla\/\" aria-label=\"Leer m\u00e1s sobre Piensa mas alla\">Leer m\u00e1s<\/a><\/p>\n","protected":false},"author":1,"featured_media":0,"parent":0,"menu_order":0,"comment_status":"closed","ping_status":"closed","template":"","meta":{"footnotes":""},"class_list":["post-2456","page","type-page","status-publish"],"yoast_head":"<!-- This site is optimized with the Yoast SEO plugin v27.3 - https:\/\/yoast.com\/product\/yoast-seo-wordpress\/ -->\n<title>Piensa mas alla - COORDINACI\u00d3N DE EVALUACI\u00d3N, INNOVACI\u00d3N Y DESARROLLO EDUCATIVOS<\/title>\n<meta name=\"robots\" content=\"index, follow, max-snippet:-1, max-image-preview:large, max-video-preview:-1\" \/>\n<link rel=\"canonical\" href=\"https:\/\/www.ceide.unam.mx\/index.php\/piensa-mas-alla\/\" \/>\n<meta property=\"og:locale\" content=\"es_MX\" \/>\n<meta property=\"og:type\" content=\"article\" \/>\n<meta property=\"og:title\" content=\"Piensa mas alla - COORDINACI\u00d3N DE EVALUACI\u00d3N, INNOVACI\u00d3N Y DESARROLLO EDUCATIVOS\" \/>\n<meta property=\"og:description\" content=\"[vc_row full_width=&#8221;stretch_row&#8221; equal_height=&#8221;yes&#8221; content_placement=&#8221;middle&#8221; css=&#8221;.vc_custom_1722108509073{padding-top: 5% !important;padding-bottom: 5% !important;background-color: #9ad4ed !important;}&#8221;][vc_column width=&#8221;2\/3&#8243;][vc_column_text css=&#8221;.vc_custom_1722472944976{margin-bottom: 0px !important;}&#8221;] Piensa m\u00e1s all\u00e1 [\/vc_column_text][vc_column_text css=&#8221;.vc_custom_1722107481149{margin-bottom: 0px !important;}&#8221;] SITIOS DE INTER\u00c9S [\/vc_column_text][\/vc_column][vc_column width=&#8221;1\/3&#8243;][vc_single_image image=&#8221;1892&#8243; img_size=&#8221;full&#8221; alignment=&#8221;center&#8221; css=&#8221;&#8221;][\/vc_column][\/vc_row][vc_row][vc_column][vc_row_inner content_placement=&#8221;middle&#8221; css=&#8221;.vc_custom_1722299332222{margin-bottom: 0px !important;padding-bottom: 0px !important;}&#8221;][vc_column_inner width=&#8221;1\/3&#8243;][vc_single_image image=&#8221;2440&#8243; img_size=&#8221;full&#8221; alignment=&#8221;center&#8221; onclick=&#8221;custom_link&#8221; img_link_target=&#8221;_blank&#8221; css=&#8221;.vc_custom_1722472952579{margin-bottom: 20px !important;}&#8221; link=&#8221;https:\/\/www.pruebate.unam.mx:8181\/pruebate\/faces\/index.xhtml&#8221;][\/vc_column_inner][vc_column_inner width=&#8221;2\/3&#8243; css=&#8221;.vc_custom_1722108226000{padding: 5% !important;}&#8221;][vc_column_text css=&#8221;.vc_custom_1722530617333{margin-bottom: 10px !important;}&#8221;] P\u00daBLICO ... Leer m\u00e1s\" \/>\n<meta property=\"og:url\" content=\"https:\/\/www.ceide.unam.mx\/index.php\/piensa-mas-alla\/\" \/>\n<meta property=\"og:site_name\" content=\"COORDINACI\u00d3N DE EVALUACI\u00d3N, INNOVACI\u00d3N Y DESARROLLO EDUCATIVOS\" \/>\n<meta property=\"article:publisher\" content=\"https:\/\/www.facebook.com\/CEIDEUNAM\/\" \/>\n<meta property=\"article:modified_time\" content=\"2025-03-21T19:57:46+00:00\" \/>\n<meta property=\"og:image\" content=\"https:\/\/www.ceide.unam.mx\/wp-content\/uploads\/2024\/07\/Recurso-1.png\" \/>\n\t<meta property=\"og:image:width\" content=\"351\" \/>\n\t<meta property=\"og:image:height\" content=\"203\" \/>\n\t<meta property=\"og:image:type\" content=\"image\/png\" \/>\n<meta name=\"twitter:card\" content=\"summary_large_image\" \/>\n<meta name=\"twitter:site\" content=\"@CEIDE_UNAM\" \/>\n<meta name=\"twitter:label1\" content=\"Tiempo de lectura\" \/>\n\t<meta name=\"twitter:data1\" content=\"3 minutos\" \/>\n<script type=\"application\/ld+json\" class=\"yoast-schema-graph\">{\"@context\":\"https:\\\/\\\/schema.org\",\"@graph\":[{\"@type\":\"WebPage\",\"@id\":\"https:\\\/\\\/www.ceide.unam.mx\\\/index.php\\\/piensa-mas-alla\\\/\",\"url\":\"https:\\\/\\\/www.ceide.unam.mx\\\/index.php\\\/piensa-mas-alla\\\/\",\"name\":\"Piensa mas alla - COORDINACI\u00d3N DE EVALUACI\u00d3N, INNOVACI\u00d3N Y DESARROLLO EDUCATIVOS\",\"isPartOf\":{\"@id\":\"https:\\\/\\\/www.ceide.unam.mx\\\/#website\"},\"datePublished\":\"2024-07-31T23:35:57+00:00\",\"dateModified\":\"2025-03-21T19:57:46+00:00\",\"breadcrumb\":{\"@id\":\"https:\\\/\\\/www.ceide.unam.mx\\\/index.php\\\/piensa-mas-alla\\\/#breadcrumb\"},\"inLanguage\":\"es\",\"potentialAction\":[{\"@type\":\"ReadAction\",\"target\":[\"https:\\\/\\\/www.ceide.unam.mx\\\/index.php\\\/piensa-mas-alla\\\/\"]}]},{\"@type\":\"BreadcrumbList\",\"@id\":\"https:\\\/\\\/www.ceide.unam.mx\\\/index.php\\\/piensa-mas-alla\\\/#breadcrumb\",\"itemListElement\":[{\"@type\":\"ListItem\",\"position\":1,\"name\":\"Inicio\",\"item\":\"https:\\\/\\\/www.ceide.unam.mx\\\/\"},{\"@type\":\"ListItem\",\"position\":2,\"name\":\"Piensa mas alla\"}]},{\"@type\":\"WebSite\",\"@id\":\"https:\\\/\\\/www.ceide.unam.mx\\\/#website\",\"url\":\"https:\\\/\\\/www.ceide.unam.mx\\\/\",\"name\":\"COORDINACION DE EVALUACION, INNOVACION Y DESARROLLO EDUCATIVOS\",\"description\":\"CEIDE\",\"publisher\":{\"@id\":\"https:\\\/\\\/www.ceide.unam.mx\\\/#organization\"},\"alternateName\":\"CEIDE - UNAM\",\"potentialAction\":[{\"@type\":\"SearchAction\",\"target\":{\"@type\":\"EntryPoint\",\"urlTemplate\":\"https:\\\/\\\/www.ceide.unam.mx\\\/?s={search_term_string}\"},\"query-input\":{\"@type\":\"PropertyValueSpecification\",\"valueRequired\":true,\"valueName\":\"search_term_string\"}}],\"inLanguage\":\"es\"},{\"@type\":\"Organization\",\"@id\":\"https:\\\/\\\/www.ceide.unam.mx\\\/#organization\",\"name\":\"COORDINACION DE EVALUACION, INNOVACION Y DESARROLLO EDUCATIVOS\",\"alternateName\":\"CEIDE - UNAM\",\"url\":\"https:\\\/\\\/www.ceide.unam.mx\\\/\",\"logo\":{\"@type\":\"ImageObject\",\"inLanguage\":\"es\",\"@id\":\"https:\\\/\\\/www.ceide.unam.mx\\\/#\\\/schema\\\/logo\\\/image\\\/\",\"url\":\"https:\\\/\\\/www.ceide.unam.mx\\\/wp-content\\\/uploads\\\/2024\\\/07\\\/Recurso-1.png\",\"contentUrl\":\"https:\\\/\\\/www.ceide.unam.mx\\\/wp-content\\\/uploads\\\/2024\\\/07\\\/Recurso-1.png\",\"width\":351,\"height\":203,\"caption\":\"COORDINACION DE EVALUACION, INNOVACION Y DESARROLLO EDUCATIVOS\"},\"image\":{\"@id\":\"https:\\\/\\\/www.ceide.unam.mx\\\/#\\\/schema\\\/logo\\\/image\\\/\"},\"sameAs\":[\"https:\\\/\\\/www.facebook.com\\\/CEIDEUNAM\\\/\",\"https:\\\/\\\/x.com\\\/CEIDE_UNAM\",\"https:\\\/\\\/www.instagram.com\\\/ceide_unam\\\/\",\"https:\\\/\\\/www.youtube.com\\\/@CEIDEUNAM\"]}]}<\/script>\n<!-- \/ Yoast SEO plugin. -->","yoast_head_json":{"title":"Piensa mas alla - COORDINACI\u00d3N DE EVALUACI\u00d3N, INNOVACI\u00d3N Y DESARROLLO EDUCATIVOS","robots":{"index":"index","follow":"follow","max-snippet":"max-snippet:-1","max-image-preview":"max-image-preview:large","max-video-preview":"max-video-preview:-1"},"canonical":"https:\/\/www.ceide.unam.mx\/index.php\/piensa-mas-alla\/","og_locale":"es_MX","og_type":"article","og_title":"Piensa mas alla - COORDINACI\u00d3N DE EVALUACI\u00d3N, INNOVACI\u00d3N Y DESARROLLO EDUCATIVOS","og_description":"[vc_row full_width=&#8221;stretch_row&#8221; equal_height=&#8221;yes&#8221; content_placement=&#8221;middle&#8221; css=&#8221;.vc_custom_1722108509073{padding-top: 5% !important;padding-bottom: 5% !important;background-color: #9ad4ed !important;}&#8221;][vc_column width=&#8221;2\/3&#8243;][vc_column_text css=&#8221;.vc_custom_1722472944976{margin-bottom: 0px !important;}&#8221;] Piensa m\u00e1s all\u00e1 [\/vc_column_text][vc_column_text css=&#8221;.vc_custom_1722107481149{margin-bottom: 0px !important;}&#8221;] SITIOS DE INTER\u00c9S [\/vc_column_text][\/vc_column][vc_column width=&#8221;1\/3&#8243;][vc_single_image image=&#8221;1892&#8243; img_size=&#8221;full&#8221; alignment=&#8221;center&#8221; css=&#8221;&#8221;][\/vc_column][\/vc_row][vc_row][vc_column][vc_row_inner content_placement=&#8221;middle&#8221; css=&#8221;.vc_custom_1722299332222{margin-bottom: 0px !important;padding-bottom: 0px !important;}&#8221;][vc_column_inner width=&#8221;1\/3&#8243;][vc_single_image image=&#8221;2440&#8243; img_size=&#8221;full&#8221; alignment=&#8221;center&#8221; onclick=&#8221;custom_link&#8221; img_link_target=&#8221;_blank&#8221; css=&#8221;.vc_custom_1722472952579{margin-bottom: 20px !important;}&#8221; link=&#8221;https:\/\/www.pruebate.unam.mx:8181\/pruebate\/faces\/index.xhtml&#8221;][\/vc_column_inner][vc_column_inner width=&#8221;2\/3&#8243; css=&#8221;.vc_custom_1722108226000{padding: 5% !important;}&#8221;][vc_column_text css=&#8221;.vc_custom_1722530617333{margin-bottom: 10px !important;}&#8221;] P\u00daBLICO ... Leer m\u00e1s","og_url":"https:\/\/www.ceide.unam.mx\/index.php\/piensa-mas-alla\/","og_site_name":"COORDINACI\u00d3N DE EVALUACI\u00d3N, INNOVACI\u00d3N Y DESARROLLO EDUCATIVOS","article_publisher":"https:\/\/www.facebook.com\/CEIDEUNAM\/","article_modified_time":"2025-03-21T19:57:46+00:00","og_image":[{"width":351,"height":203,"url":"https:\/\/www.ceide.unam.mx\/wp-content\/uploads\/2024\/07\/Recurso-1.png","type":"image\/png"}],"twitter_card":"summary_large_image","twitter_site":"@CEIDE_UNAM","twitter_misc":{"Tiempo de lectura":"3 minutos"},"schema":{"@context":"https:\/\/schema.org","@graph":[{"@type":"WebPage","@id":"https:\/\/www.ceide.unam.mx\/index.php\/piensa-mas-alla\/","url":"https:\/\/www.ceide.unam.mx\/index.php\/piensa-mas-alla\/","name":"Piensa mas alla - COORDINACI\u00d3N DE EVALUACI\u00d3N, INNOVACI\u00d3N Y DESARROLLO EDUCATIVOS","isPartOf":{"@id":"https:\/\/www.ceide.unam.mx\/#website"},"datePublished":"2024-07-31T23:35:57+00:00","dateModified":"2025-03-21T19:57:46+00:00","breadcrumb":{"@id":"https:\/\/www.ceide.unam.mx\/index.php\/piensa-mas-alla\/#breadcrumb"},"inLanguage":"es","potentialAction":[{"@type":"ReadAction","target":["https:\/\/www.ceide.unam.mx\/index.php\/piensa-mas-alla\/"]}]},{"@type":"BreadcrumbList","@id":"https:\/\/www.ceide.unam.mx\/index.php\/piensa-mas-alla\/#breadcrumb","itemListElement":[{"@type":"ListItem","position":1,"name":"Inicio","item":"https:\/\/www.ceide.unam.mx\/"},{"@type":"ListItem","position":2,"name":"Piensa mas alla"}]},{"@type":"WebSite","@id":"https:\/\/www.ceide.unam.mx\/#website","url":"https:\/\/www.ceide.unam.mx\/","name":"COORDINACION DE EVALUACION, INNOVACION Y DESARROLLO EDUCATIVOS","description":"CEIDE","publisher":{"@id":"https:\/\/www.ceide.unam.mx\/#organization"},"alternateName":"CEIDE - UNAM","potentialAction":[{"@type":"SearchAction","target":{"@type":"EntryPoint","urlTemplate":"https:\/\/www.ceide.unam.mx\/?s={search_term_string}"},"query-input":{"@type":"PropertyValueSpecification","valueRequired":true,"valueName":"search_term_string"}}],"inLanguage":"es"},{"@type":"Organization","@id":"https:\/\/www.ceide.unam.mx\/#organization","name":"COORDINACION DE EVALUACION, INNOVACION Y DESARROLLO EDUCATIVOS","alternateName":"CEIDE - UNAM","url":"https:\/\/www.ceide.unam.mx\/","logo":{"@type":"ImageObject","inLanguage":"es","@id":"https:\/\/www.ceide.unam.mx\/#\/schema\/logo\/image\/","url":"https:\/\/www.ceide.unam.mx\/wp-content\/uploads\/2024\/07\/Recurso-1.png","contentUrl":"https:\/\/www.ceide.unam.mx\/wp-content\/uploads\/2024\/07\/Recurso-1.png","width":351,"height":203,"caption":"COORDINACION DE EVALUACION, INNOVACION Y DESARROLLO EDUCATIVOS"},"image":{"@id":"https:\/\/www.ceide.unam.mx\/#\/schema\/logo\/image\/"},"sameAs":["https:\/\/www.facebook.com\/CEIDEUNAM\/","https:\/\/x.com\/CEIDE_UNAM","https:\/\/www.instagram.com\/ceide_unam\/","https:\/\/www.youtube.com\/@CEIDEUNAM"]}]}},"_links":{"self":[{"href":"https:\/\/www.ceide.unam.mx\/index.php\/wp-json\/wp\/v2\/pages\/2456","targetHints":{"allow":["GET"]}}],"collection":[{"href":"https:\/\/www.ceide.unam.mx\/index.php\/wp-json\/wp\/v2\/pages"}],"about":[{"href":"https:\/\/www.ceide.unam.mx\/index.php\/wp-json\/wp\/v2\/types\/page"}],"author":[{"embeddable":true,"href":"https:\/\/www.ceide.unam.mx\/index.php\/wp-json\/wp\/v2\/users\/1"}],"replies":[{"embeddable":true,"href":"https:\/\/www.ceide.unam.mx\/index.php\/wp-json\/wp\/v2\/comments?post=2456"}],"version-history":[{"count":7,"href":"https:\/\/www.ceide.unam.mx\/index.php\/wp-json\/wp\/v2\/pages\/2456\/revisions"}],"predecessor-version":[{"id":6758,"href":"https:\/\/www.ceide.unam.mx\/index.php\/wp-json\/wp\/v2\/pages\/2456\/revisions\/6758"}],"wp:attachment":[{"href":"https:\/\/www.ceide.unam.mx\/index.php\/wp-json\/wp\/v2\/media?parent=2456"}],"curies":[{"name":"wp","href":"https:\/\/api.w.org\/{rel}","templated":true}]}}