{"id":2151,"date":"2024-07-28T21:24:03","date_gmt":"2024-07-28T21:24:03","guid":{"rendered":"https:\/\/www.ceide.unam.mx\/ceide2\/?page_id=2151"},"modified":"2024-08-02T22:48:33","modified_gmt":"2024-08-02T22:48:33","slug":"rie-360","status":"publish","type":"page","link":"https:\/\/www.ceide.unam.mx\/index.php\/rie-360\/","title":{"rendered":"RIE 360"},"content":{"rendered":"<div class=\"wpb-content-wrapper\"><p>[vc_row equal_height=&#8221;yes&#8221; content_placement=&#8221;middle&#8221; css=&#8221;.vc_custom_1720486055413{margin-top: 5% !important;margin-bottom: 3% !important;}&#8221;][vc_column][vc_column_text css=&#8221;&#8221;]<\/p>\n<h3><span style=\"color: #fb5c2a;\">COLABORACIONES<\/span><\/h3>\n<p>[\/vc_column_text][\/vc_column][\/vc_row][vc_row][vc_column width=&#8221;1\/4&#8243;][vc_single_image image=&#8221;3031&#8243; img_size=&#8221;medium&#8221; css=&#8221;&#8221;][\/vc_column][vc_column width=&#8221;3\/4&#8243;][vc_column_text css=&#8221;.vc_custom_1722642051561{padding-top: 5% !important;padding-right: 5% !important;padding-bottom: 5% !important;padding-left: 5% !important;}&#8221;]<span style=\"font-weight: 500;\">La Red de Innovaci\u00f3n Educativa es el resultado de la colaboraci\u00f3n interinstitucional de universidades p\u00fablicas y privadas de nuestro pa\u00eds, tiene como prop\u00f3sito impulsar el aprendizaje complejo de los estudiantes y el desarrollo profesional de docentes y directivos, a trav\u00e9s de la creaci\u00f3n, implementaci\u00f3n y evaluaci\u00f3n de innovaciones educativas.<\/span><\/p>\n<p><span style=\"font-weight: 500;\">Tiene como objetivos:<\/span><\/p>\n<ul>\n<li style=\"font-weight: 500;\" aria-level=\"1\"><span style=\"font-weight: 500;\">Mejorar la calidad de la educaci\u00f3n superior mediante el desarrollo y aplicaci\u00f3n innovadora de tecnolog\u00edas y pedagog\u00edas<\/span><\/li>\n<li style=\"font-weight: 500;\" aria-level=\"1\"><span style=\"font-weight: 500;\">Habilitar a las universidades para ser motores de la transformaci\u00f3n educativa del pa\u00eds, hacia la econom\u00eda del conocimiento.<\/span><\/li>\n<li style=\"font-weight: 500;\" aria-level=\"1\"><span style=\"font-weight: 500;\">Incrementar la inclusi\u00f3n y movilidad social a trav\u00e9s de la innovaci\u00f3n educativa en M\u00e9xico.<\/span><\/li>\n<li style=\"font-weight: 500;\" aria-level=\"1\"><span style=\"font-weight: 500;\">Colaborar con instituciones educativas y otras redes nacionales e internacionales en proyectos que permitan el logro de los objetivos de la red.<\/span><\/li>\n<\/ul>\n<p>[\/vc_column_text][vc_row_inner equal_height=&#8221;yes&#8221; content_placement=&#8221;middle&#8221; css=&#8221;.vc_custom_1722198069035{margin-bottom: 5% !important;}&#8221;][vc_column_inner width=&#8221;1\/3&#8243;][\/vc_column_inner][vc_column_inner width=&#8221;1\/3&#8243;][\/vc_column_inner][vc_column_inner width=&#8221;1\/3&#8243;][vc_btn title=&#8221;Ver sitio&#8221; style=&#8221;custom&#8221; custom_background=&#8221;rgba(5,5,5,0.92)&#8221; custom_text=&#8221;#ffffff&#8221; shape=&#8221;round&#8221; size=&#8221;sm&#8221; align=&#8221;center&#8221; css_animation=&#8221;bounceInUp&#8221; css=&#8221;.vc_custom_1722298040956{margin-bottom: 10px !important;padding-bottom: 0px !important;}&#8221; button_block=&#8221;true&#8221; link=&#8221;url:https%3A%2F%2Fwww.rie360.mx%2F|target:_blank&#8221;][\/vc_column_inner][\/vc_row_inner][\/vc_column][\/vc_row][vc_row css=&#8221;.vc_custom_1718052463121{margin-top: 5% !important;margin-bottom: 3% !important;}&#8221;][vc_column width=&#8221;1\/3&#8243;][\/vc_column][vc_column width=&#8221;1\/3&#8243;][\/vc_column][vc_column width=&#8221;1\/3&#8243; css=&#8221;.vc_custom_1718062048286{padding-left: 25px !important;}&#8221;][vc_column_text css=&#8221;.vc_custom_1719535677895{margin-bottom: 0px !important;}&#8221;]<\/p>\n<h1>SECCIONES<br \/>\nDE INTER\u00c9S<\/h1>\n<p>[\/vc_column_text][vc_column_text css=&#8221;&#8221;]<\/p>\n<h3><span style=\"color: #fb5c2a;\">NAVEGACI\u00d3N<\/span><\/h3>\n<p>[\/vc_column_text][\/vc_column][\/vc_row][vc_row equal_height=&#8221;yes&#8221; css=&#8221;.vc_custom_1721850100701{margin-bottom: 10% !important;padding-top: 20px !important;padding-right: 20px !important;padding-bottom: 20px !important;padding-left: 20px !important;}&#8221;][vc_column width=&#8221;1\/3&#8243;][vc_single_image image=&#8221;2022&#8243; img_size=&#8221;full&#8221; alignment=&#8221;center&#8221; onclick=&#8221;custom_link&#8221; css_animation=&#8221;fadeInUp&#8221; css=&#8221;.vc_custom_1721854948161{margin-bottom: 10px !important;}&#8221; link=&#8221;https:\/\/www.ceide.unam.mx\/ceide2\/index.php\/ceide-evaluacion-educativa\/&#8221;][\/vc_column][vc_column width=&#8221;1\/3&#8243;][vc_single_image image=&#8221;2021&#8243; img_size=&#8221;full&#8221; alignment=&#8221;center&#8221; onclick=&#8221;custom_link&#8221; css_animation=&#8221;fadeInUp&#8221; css=&#8221;.vc_custom_1721854955465{margin-bottom: 10px !important;}&#8221; link=&#8221;https:\/\/www.ceide.unam.mx\/ceide2\/index.php\/ceide-innovacion-educativa-y-desarrollo-curricular\/&#8221;][\/vc_column][vc_column width=&#8221;1\/3&#8243;][vc_single_image image=&#8221;2020&#8243; img_size=&#8221;full&#8221; alignment=&#8221;center&#8221; onclick=&#8221;custom_link&#8221; css_animation=&#8221;fadeInUp&#8221; css=&#8221;&#8221; link=&#8221;https:\/\/www.ceide.unam.mx\/ceide2\/index.php\/ceide-formacion-docente\/&#8221;][\/vc_column][\/vc_row]<\/p>\n<\/div>","protected":false},"excerpt":{"rendered":"<p>[vc_row equal_height=&#8221;yes&#8221; content_placement=&#8221;middle&#8221; css=&#8221;.vc_custom_1720486055413{margin-top: 5% !important;margin-bottom: 3% !important;}&#8221;][vc_column][vc_column_text css=&#8221;&#8221;] COLABORACIONES [\/vc_column_text][\/vc_column][\/vc_row][vc_row][vc_column width=&#8221;1\/4&#8243;][vc_single_image image=&#8221;3031&#8243; img_size=&#8221;medium&#8221; css=&#8221;&#8221;][\/vc_column][vc_column width=&#8221;3\/4&#8243;][vc_column_text css=&#8221;.vc_custom_1722642051561{padding-top: 5% !important;padding-right: 5% !important;padding-bottom: 5% !important;padding-left: 5% !important;}&#8221;]La Red de Innovaci\u00f3n Educativa es el resultado de la colaboraci\u00f3n interinstitucional de universidades p\u00fablicas y privadas de nuestro pa\u00eds, tiene como prop\u00f3sito impulsar el aprendizaje complejo de los estudiantes y &#8230; <a title=\"RIE 360\" class=\"read-more\" href=\"https:\/\/www.ceide.unam.mx\/index.php\/rie-360\/\" aria-label=\"Leer m\u00e1s sobre RIE 360\">Leer m\u00e1s<\/a><\/p>\n","protected":false},"author":1,"featured_media":0,"parent":0,"menu_order":0,"comment_status":"closed","ping_status":"closed","template":"","meta":{"footnotes":""},"class_list":["post-2151","page","type-page","status-publish"],"yoast_head":"<!-- This site is optimized with the Yoast SEO plugin v27.3 - https:\/\/yoast.com\/product\/yoast-seo-wordpress\/ -->\n<title>RIE 360 - COORDINACI\u00d3N DE EVALUACI\u00d3N, INNOVACI\u00d3N Y DESARROLLO EDUCATIVOS<\/title>\n<meta name=\"robots\" content=\"index, follow, max-snippet:-1, max-image-preview:large, max-video-preview:-1\" \/>\n<link rel=\"canonical\" href=\"https:\/\/www.ceide.unam.mx\/index.php\/rie-360\/\" \/>\n<meta property=\"og:locale\" content=\"es_MX\" \/>\n<meta property=\"og:type\" content=\"article\" \/>\n<meta property=\"og:title\" content=\"RIE 360 - COORDINACI\u00d3N DE EVALUACI\u00d3N, INNOVACI\u00d3N Y DESARROLLO EDUCATIVOS\" \/>\n<meta property=\"og:description\" content=\"[vc_row equal_height=&#8221;yes&#8221; content_placement=&#8221;middle&#8221; css=&#8221;.vc_custom_1720486055413{margin-top: 5% !important;margin-bottom: 3% !important;}&#8221;][vc_column][vc_column_text css=&#8221;&#8221;] COLABORACIONES [\/vc_column_text][\/vc_column][\/vc_row][vc_row][vc_column width=&#8221;1\/4&#8243;][vc_single_image image=&#8221;3031&#8243; img_size=&#8221;medium&#8221; css=&#8221;&#8221;][\/vc_column][vc_column width=&#8221;3\/4&#8243;][vc_column_text css=&#8221;.vc_custom_1722642051561{padding-top: 5% !important;padding-right: 5% !important;padding-bottom: 5% !important;padding-left: 5% !important;}&#8221;]La Red de Innovaci\u00f3n Educativa es el resultado de la colaboraci\u00f3n interinstitucional de universidades p\u00fablicas y privadas de nuestro pa\u00eds, tiene como prop\u00f3sito impulsar el aprendizaje complejo de los estudiantes y ... Leer m\u00e1s\" \/>\n<meta property=\"og:url\" content=\"https:\/\/www.ceide.unam.mx\/index.php\/rie-360\/\" \/>\n<meta property=\"og:site_name\" content=\"COORDINACI\u00d3N DE EVALUACI\u00d3N, INNOVACI\u00d3N Y DESARROLLO EDUCATIVOS\" \/>\n<meta property=\"article:publisher\" content=\"https:\/\/www.facebook.com\/CEIDEUNAM\/\" \/>\n<meta property=\"article:modified_time\" content=\"2024-08-02T22:48:33+00:00\" \/>\n<meta property=\"og:image\" content=\"https:\/\/www.ceide.unam.mx\/wp-content\/uploads\/2024\/07\/Recurso-1.png\" \/>\n\t<meta property=\"og:image:width\" content=\"351\" \/>\n\t<meta property=\"og:image:height\" content=\"203\" \/>\n\t<meta property=\"og:image:type\" content=\"image\/png\" \/>\n<meta name=\"twitter:card\" content=\"summary_large_image\" \/>\n<meta name=\"twitter:site\" content=\"@CEIDE_UNAM\" \/>\n<meta name=\"twitter:label1\" content=\"Tiempo de lectura\" \/>\n\t<meta name=\"twitter:data1\" content=\"2 minutos\" \/>\n<script type=\"application\/ld+json\" class=\"yoast-schema-graph\">{\"@context\":\"https:\\\/\\\/schema.org\",\"@graph\":[{\"@type\":\"WebPage\",\"@id\":\"https:\\\/\\\/www.ceide.unam.mx\\\/index.php\\\/rie-360\\\/\",\"url\":\"https:\\\/\\\/www.ceide.unam.mx\\\/index.php\\\/rie-360\\\/\",\"name\":\"RIE 360 - COORDINACI\u00d3N DE EVALUACI\u00d3N, INNOVACI\u00d3N Y DESARROLLO EDUCATIVOS\",\"isPartOf\":{\"@id\":\"https:\\\/\\\/www.ceide.unam.mx\\\/#website\"},\"datePublished\":\"2024-07-28T21:24:03+00:00\",\"dateModified\":\"2024-08-02T22:48:33+00:00\",\"breadcrumb\":{\"@id\":\"https:\\\/\\\/www.ceide.unam.mx\\\/index.php\\\/rie-360\\\/#breadcrumb\"},\"inLanguage\":\"es\",\"potentialAction\":[{\"@type\":\"ReadAction\",\"target\":[\"https:\\\/\\\/www.ceide.unam.mx\\\/index.php\\\/rie-360\\\/\"]}]},{\"@type\":\"BreadcrumbList\",\"@id\":\"https:\\\/\\\/www.ceide.unam.mx\\\/index.php\\\/rie-360\\\/#breadcrumb\",\"itemListElement\":[{\"@type\":\"ListItem\",\"position\":1,\"name\":\"Inicio\",\"item\":\"https:\\\/\\\/www.ceide.unam.mx\\\/\"},{\"@type\":\"ListItem\",\"position\":2,\"name\":\"RIE 360\"}]},{\"@type\":\"WebSite\",\"@id\":\"https:\\\/\\\/www.ceide.unam.mx\\\/#website\",\"url\":\"https:\\\/\\\/www.ceide.unam.mx\\\/\",\"name\":\"COORDINACION DE EVALUACION, INNOVACION Y DESARROLLO EDUCATIVOS\",\"description\":\"CEIDE\",\"publisher\":{\"@id\":\"https:\\\/\\\/www.ceide.unam.mx\\\/#organization\"},\"alternateName\":\"CEIDE - UNAM\",\"potentialAction\":[{\"@type\":\"SearchAction\",\"target\":{\"@type\":\"EntryPoint\",\"urlTemplate\":\"https:\\\/\\\/www.ceide.unam.mx\\\/?s={search_term_string}\"},\"query-input\":{\"@type\":\"PropertyValueSpecification\",\"valueRequired\":true,\"valueName\":\"search_term_string\"}}],\"inLanguage\":\"es\"},{\"@type\":\"Organization\",\"@id\":\"https:\\\/\\\/www.ceide.unam.mx\\\/#organization\",\"name\":\"COORDINACION DE EVALUACION, INNOVACION Y DESARROLLO EDUCATIVOS\",\"alternateName\":\"CEIDE - UNAM\",\"url\":\"https:\\\/\\\/www.ceide.unam.mx\\\/\",\"logo\":{\"@type\":\"ImageObject\",\"inLanguage\":\"es\",\"@id\":\"https:\\\/\\\/www.ceide.unam.mx\\\/#\\\/schema\\\/logo\\\/image\\\/\",\"url\":\"https:\\\/\\\/www.ceide.unam.mx\\\/wp-content\\\/uploads\\\/2024\\\/07\\\/Recurso-1.png\",\"contentUrl\":\"https:\\\/\\\/www.ceide.unam.mx\\\/wp-content\\\/uploads\\\/2024\\\/07\\\/Recurso-1.png\",\"width\":351,\"height\":203,\"caption\":\"COORDINACION DE EVALUACION, INNOVACION Y DESARROLLO EDUCATIVOS\"},\"image\":{\"@id\":\"https:\\\/\\\/www.ceide.unam.mx\\\/#\\\/schema\\\/logo\\\/image\\\/\"},\"sameAs\":[\"https:\\\/\\\/www.facebook.com\\\/CEIDEUNAM\\\/\",\"https:\\\/\\\/x.com\\\/CEIDE_UNAM\",\"https:\\\/\\\/www.instagram.com\\\/ceide_unam\\\/\",\"https:\\\/\\\/www.youtube.com\\\/@CEIDEUNAM\"]}]}<\/script>\n<!-- \/ Yoast SEO plugin. -->","yoast_head_json":{"title":"RIE 360 - COORDINACI\u00d3N DE EVALUACI\u00d3N, INNOVACI\u00d3N Y DESARROLLO EDUCATIVOS","robots":{"index":"index","follow":"follow","max-snippet":"max-snippet:-1","max-image-preview":"max-image-preview:large","max-video-preview":"max-video-preview:-1"},"canonical":"https:\/\/www.ceide.unam.mx\/index.php\/rie-360\/","og_locale":"es_MX","og_type":"article","og_title":"RIE 360 - COORDINACI\u00d3N DE EVALUACI\u00d3N, INNOVACI\u00d3N Y DESARROLLO EDUCATIVOS","og_description":"[vc_row equal_height=&#8221;yes&#8221; content_placement=&#8221;middle&#8221; css=&#8221;.vc_custom_1720486055413{margin-top: 5% !important;margin-bottom: 3% !important;}&#8221;][vc_column][vc_column_text css=&#8221;&#8221;] COLABORACIONES [\/vc_column_text][\/vc_column][\/vc_row][vc_row][vc_column width=&#8221;1\/4&#8243;][vc_single_image image=&#8221;3031&#8243; img_size=&#8221;medium&#8221; css=&#8221;&#8221;][\/vc_column][vc_column width=&#8221;3\/4&#8243;][vc_column_text css=&#8221;.vc_custom_1722642051561{padding-top: 5% !important;padding-right: 5% !important;padding-bottom: 5% !important;padding-left: 5% !important;}&#8221;]La Red de Innovaci\u00f3n Educativa es el resultado de la colaboraci\u00f3n interinstitucional de universidades p\u00fablicas y privadas de nuestro pa\u00eds, tiene como prop\u00f3sito impulsar el aprendizaje complejo de los estudiantes y ... Leer m\u00e1s","og_url":"https:\/\/www.ceide.unam.mx\/index.php\/rie-360\/","og_site_name":"COORDINACI\u00d3N DE EVALUACI\u00d3N, INNOVACI\u00d3N Y DESARROLLO EDUCATIVOS","article_publisher":"https:\/\/www.facebook.com\/CEIDEUNAM\/","article_modified_time":"2024-08-02T22:48:33+00:00","og_image":[{"width":351,"height":203,"url":"https:\/\/www.ceide.unam.mx\/wp-content\/uploads\/2024\/07\/Recurso-1.png","type":"image\/png"}],"twitter_card":"summary_large_image","twitter_site":"@CEIDE_UNAM","twitter_misc":{"Tiempo de lectura":"2 minutos"},"schema":{"@context":"https:\/\/schema.org","@graph":[{"@type":"WebPage","@id":"https:\/\/www.ceide.unam.mx\/index.php\/rie-360\/","url":"https:\/\/www.ceide.unam.mx\/index.php\/rie-360\/","name":"RIE 360 - COORDINACI\u00d3N DE EVALUACI\u00d3N, INNOVACI\u00d3N Y DESARROLLO EDUCATIVOS","isPartOf":{"@id":"https:\/\/www.ceide.unam.mx\/#website"},"datePublished":"2024-07-28T21:24:03+00:00","dateModified":"2024-08-02T22:48:33+00:00","breadcrumb":{"@id":"https:\/\/www.ceide.unam.mx\/index.php\/rie-360\/#breadcrumb"},"inLanguage":"es","potentialAction":[{"@type":"ReadAction","target":["https:\/\/www.ceide.unam.mx\/index.php\/rie-360\/"]}]},{"@type":"BreadcrumbList","@id":"https:\/\/www.ceide.unam.mx\/index.php\/rie-360\/#breadcrumb","itemListElement":[{"@type":"ListItem","position":1,"name":"Inicio","item":"https:\/\/www.ceide.unam.mx\/"},{"@type":"ListItem","position":2,"name":"RIE 360"}]},{"@type":"WebSite","@id":"https:\/\/www.ceide.unam.mx\/#website","url":"https:\/\/www.ceide.unam.mx\/","name":"COORDINACION DE EVALUACION, INNOVACION Y DESARROLLO EDUCATIVOS","description":"CEIDE","publisher":{"@id":"https:\/\/www.ceide.unam.mx\/#organization"},"alternateName":"CEIDE - UNAM","potentialAction":[{"@type":"SearchAction","target":{"@type":"EntryPoint","urlTemplate":"https:\/\/www.ceide.unam.mx\/?s={search_term_string}"},"query-input":{"@type":"PropertyValueSpecification","valueRequired":true,"valueName":"search_term_string"}}],"inLanguage":"es"},{"@type":"Organization","@id":"https:\/\/www.ceide.unam.mx\/#organization","name":"COORDINACION DE EVALUACION, INNOVACION Y DESARROLLO EDUCATIVOS","alternateName":"CEIDE - UNAM","url":"https:\/\/www.ceide.unam.mx\/","logo":{"@type":"ImageObject","inLanguage":"es","@id":"https:\/\/www.ceide.unam.mx\/#\/schema\/logo\/image\/","url":"https:\/\/www.ceide.unam.mx\/wp-content\/uploads\/2024\/07\/Recurso-1.png","contentUrl":"https:\/\/www.ceide.unam.mx\/wp-content\/uploads\/2024\/07\/Recurso-1.png","width":351,"height":203,"caption":"COORDINACION DE EVALUACION, INNOVACION Y DESARROLLO EDUCATIVOS"},"image":{"@id":"https:\/\/www.ceide.unam.mx\/#\/schema\/logo\/image\/"},"sameAs":["https:\/\/www.facebook.com\/CEIDEUNAM\/","https:\/\/x.com\/CEIDE_UNAM","https:\/\/www.instagram.com\/ceide_unam\/","https:\/\/www.youtube.com\/@CEIDEUNAM"]}]}},"_links":{"self":[{"href":"https:\/\/www.ceide.unam.mx\/index.php\/wp-json\/wp\/v2\/pages\/2151","targetHints":{"allow":["GET"]}}],"collection":[{"href":"https:\/\/www.ceide.unam.mx\/index.php\/wp-json\/wp\/v2\/pages"}],"about":[{"href":"https:\/\/www.ceide.unam.mx\/index.php\/wp-json\/wp\/v2\/types\/page"}],"author":[{"embeddable":true,"href":"https:\/\/www.ceide.unam.mx\/index.php\/wp-json\/wp\/v2\/users\/1"}],"replies":[{"embeddable":true,"href":"https:\/\/www.ceide.unam.mx\/index.php\/wp-json\/wp\/v2\/comments?post=2151"}],"version-history":[{"count":6,"href":"https:\/\/www.ceide.unam.mx\/index.php\/wp-json\/wp\/v2\/pages\/2151\/revisions"}],"predecessor-version":[{"id":3032,"href":"https:\/\/www.ceide.unam.mx\/index.php\/wp-json\/wp\/v2\/pages\/2151\/revisions\/3032"}],"wp:attachment":[{"href":"https:\/\/www.ceide.unam.mx\/index.php\/wp-json\/wp\/v2\/media?parent=2151"}],"curies":[{"name":"wp","href":"https:\/\/api.w.org\/{rel}","templated":true}]}}