{"id":97,"date":"2024-11-13T16:35:35","date_gmt":"2024-11-13T16:35:35","guid":{"rendered":"https:\/\/www.ceide.unam.mx\/cinig\/?page_id=97"},"modified":"2025-08-29T00:44:33","modified_gmt":"2025-08-29T00:44:33","slug":"documentos","status":"publish","type":"page","link":"https:\/\/www.ceide.unam.mx\/cinig\/index.php\/documentos\/","title":{"rendered":"Documentos"},"content":{"rendered":"<div class=\"wpb-content-wrapper\"><p>[vc_row full_width=&#8221;stretch_row&#8221; content_placement=&#8221;middle&#8221; css=&#8221;.vc_custom_1731433308644{background-color: #8A5DE2 !important;}&#8221;][vc_column width=&#8221;2\/3&#8243;][vc_column_text css=&#8221;.vc_custom_1731519449565{margin-top: 0px !important;margin-bottom: 0px !important;padding-bottom: 1% !important;}&#8221;]<\/p>\n<h2><span style=\"color: #ffc73b;\">DOCUMENTOS<\/span><\/h2>\n<p>[\/vc_column_text][vc_column_text css=&#8221;.vc_custom_1732321291966{padding-top: 2% !important;padding-right: 2% !important;padding-bottom: 2% !important;padding-left: 2% !important;}&#8221;]<span style=\"color: #ffffff;\">Consulta las minutas, acuerdos, informes y otros archivos que resulten de las actividades de la CInIG-CEIDE.<\/span>[\/vc_column_text][\/vc_column][vc_column width=&#8221;1\/3&#8243;][vc_single_image image=&#8221;55&#8243; alignment=&#8221;center&#8221; css=&#8221;&#8221;][\/vc_column][\/vc_row][vc_row][vc_column][\/vc_column][\/vc_row][vc_row][vc_column][vc_tta_accordion style=&#8221;modern&#8221; color=&#8221;violet&#8221; active_section=&#8221;1&#8243; collapsible_all=&#8221;true&#8221;][vc_tta_section title=&#8221;MINUTAS&#8221; tab_id=&#8221;1754161814701-1459e712-513d&#8221;][vc_row_inner][vc_column_inner width=&#8221;1\/4&#8243;][vc_single_image image=&#8221;109&#8243; img_size=&#8221;full&#8221; alignment=&#8221;center&#8221; onclick=&#8221;custom_link&#8221; img_link_target=&#8221;_blank&#8221; css=&#8221;.vc_custom_1732321666200{margin-bottom: 10px !important;}&#8221; link=&#8221;https:\/\/www.ceide.unam.mx\/cinig\/wp-content\/uploads\/2024\/11\/Minuta_1ra-reunion-ordinaria_23sep24.pdf&#8221;][vc_column_text css=&#8221;.vc_custom_1731522670700{margin-top: 0px !important;margin-bottom: 0px !important;padding-bottom: 1% !important;}&#8221;]<\/p>\n<h2 style=\"text-align: center;\"><span style=\"color: #8a5de2;\">MINUTA<\/span><\/h2>\n<p>[\/vc_column_text][vc_column_text css=&#8221;.vc_custom_1732321806543{margin-bottom: 10px !important;padding-top: 1% !important;padding-right: 1% !important;padding-bottom: 1% !important;padding-left: 1% !important;}&#8221;]<\/p>\n<p style=\"text-align: center;\">1\u00b0 REUNI\u00d3N ORDINARIA<br \/>\n23\/09\/24[\/vc_column_text][vc_btn title=&#8221;Ver docuemento&#8221; style=&#8221;custom&#8221; custom_background=&#8221;#8A5DE2&#8243; custom_text=&#8221;#FFFFFF&#8221; size=&#8221;xs&#8221; align=&#8221;center&#8221; css=&#8221;&#8221; link=&#8221;url:https%3A%2F%2Fwww.ceide.unam.mx%2Fcinig%2Fwp-content%2Fuploads%2F2024%2F11%2FMinuta_1ra-reunion-ordinaria_23sep24.pdf|title:Ver|target:_blank&#8221;][\/vc_column_inner][vc_column_inner width=&#8221;1\/4&#8243;][vc_single_image image=&#8221;109&#8243; img_size=&#8221;full&#8221; alignment=&#8221;center&#8221; onclick=&#8221;custom_link&#8221; img_link_target=&#8221;_blank&#8221; css=&#8221;.vc_custom_1732322038284{margin-bottom: 10px !important;}&#8221; link=&#8221;https:\/\/www.ceide.unam.mx\/cinig\/wp-content\/uploads\/2024\/11\/Minuta_1ra-reunion-extraordinaria_18oct24.pdf&#8221;][vc_column_text css=&#8221;.vc_custom_1732321689165{margin-top: 0px !important;margin-bottom: 0px !important;padding-bottom: 1% !important;}&#8221;]<\/p>\n<h2 style=\"text-align: center;\"><span style=\"color: #8a5de2;\">MINUTA<\/span><\/h2>\n<p>[\/vc_column_text][vc_column_text css=&#8221;.vc_custom_1732322011689{margin-bottom: 10px !important;padding-top: 1% !important;padding-right: 1% !important;padding-bottom: 1% !important;padding-left: 1% !important;}&#8221;]<\/p>\n<p style=\"text-align: center;\">1\u00b0 REUNI\u00d3N EXTRAORDINARIA<br \/>\n18\/10\/24[\/vc_column_text][vc_btn title=&#8221;Ver documento&#8221; style=&#8221;custom&#8221; custom_background=&#8221;#8A5DE2&#8243; custom_text=&#8221;#FFFFFF&#8221; size=&#8221;xs&#8221; align=&#8221;center&#8221; css=&#8221;&#8221; link=&#8221;url:https%3A%2F%2Fwww.ceide.unam.mx%2Fcinig%2Fwp-content%2Fuploads%2F2024%2F11%2FMinuta_1ra-reunion-extraordinaria_18oct24.pdf|title:Acciones|target:_blank&#8221;][\/vc_column_inner][vc_column_inner width=&#8221;1\/4&#8243;][vc_single_image image=&#8221;109&#8243; img_size=&#8221;full&#8221; alignment=&#8221;center&#8221; onclick=&#8221;custom_link&#8221; img_link_target=&#8221;_blank&#8221; css=&#8221;.vc_custom_1745611045817{margin-bottom: 10px !important;}&#8221; link=&#8221;https:\/\/www.ceide.unam.mx\/cinig\/wp-content\/uploads\/2025\/04\/Minuta_2a-reunion-ordinaria_31oct24.pdf&#8221;][vc_column_text css=&#8221;.vc_custom_1745611129113{margin-top: 0px !important;margin-bottom: 0px !important;padding-bottom: 1% !important;}&#8221;]<\/p>\n<h2 style=\"text-align: center;\"><span style=\"color: #8a5de2;\">MINUTA<\/span><\/h2>\n<p>[\/vc_column_text][vc_column_text css=&#8221;.vc_custom_1745610979704{margin-bottom: 10px !important;padding-top: 1% !important;padding-right: 1% !important;padding-bottom: 1% !important;padding-left: 1% !important;}&#8221;]<\/p>\n<p style=\"text-align: center;\">REUNI\u00d3N ORDINARIA<br \/>\n31\/10\/2024[\/vc_column_text][vc_btn title=&#8221;Ver documento&#8221; style=&#8221;custom&#8221; custom_background=&#8221;#8A5DE2&#8243; custom_text=&#8221;#FFFFFF&#8221; size=&#8221;xs&#8221; align=&#8221;center&#8221; css=&#8221;&#8221; link=&#8221;url:https%3A%2F%2Fwww.ceide.unam.mx%2Fcinig%2Fwp-content%2Fuploads%2F2025%2F04%2FMinuta_2a-reunion-ordinaria_31oct24.pdf|title:Acciones|target:_blank&#8221;][\/vc_column_inner][vc_column_inner width=&#8221;1\/4&#8243;][vc_single_image image=&#8221;109&#8243; img_size=&#8221;full&#8221; alignment=&#8221;center&#8221; onclick=&#8221;custom_link&#8221; img_link_target=&#8221;_blank&#8221; css=&#8221;.vc_custom_1745611168881{margin-bottom: 10px !important;}&#8221; link=&#8221;https:\/\/www.ceide.unam.mx\/cinig\/wp-content\/uploads\/2025\/04\/Minuta_3a-reunion-ordinaria_20ene2025.pdf&#8221;][vc_column_text css=&#8221;.vc_custom_1732321689165{margin-top: 0px !important;margin-bottom: 0px !important;padding-bottom: 1% !important;}&#8221;]<\/p>\n<h2 style=\"text-align: center;\"><span style=\"color: #8a5de2;\">MINUTA<\/span><\/h2>\n<p>[\/vc_column_text][vc_column_text css=&#8221;.vc_custom_1745611094835{margin-bottom: 10px !important;padding-top: 1% !important;padding-right: 1% !important;padding-bottom: 1% !important;padding-left: 1% !important;}&#8221;]<\/p>\n<p style=\"text-align: center;\">REUNI\u00d3N ORDINARIA<br \/>\n20\/01\/25[\/vc_column_text][vc_btn title=&#8221;Ver documento&#8221; style=&#8221;custom&#8221; custom_background=&#8221;#8A5DE2&#8243; custom_text=&#8221;#FFFFFF&#8221; size=&#8221;xs&#8221; align=&#8221;center&#8221; css=&#8221;&#8221; link=&#8221;url:https%3A%2F%2Fwww.ceide.unam.mx%2Fcinig%2Fwp-content%2Fuploads%2F2025%2F04%2FMinuta_3a-reunion-ordinaria_20ene2025.pdf|title:Acciones|target:_blank&#8221;][\/vc_column_inner][\/vc_row_inner][vc_row_inner][vc_column_inner width=&#8221;1\/4&#8243;][vc_single_image image=&#8221;109&#8243; img_size=&#8221;full&#8221; alignment=&#8221;center&#8221; onclick=&#8221;custom_link&#8221; img_link_target=&#8221;_blank&#8221; css=&#8221;.vc_custom_1745611242890{margin-bottom: 10px !important;}&#8221; link=&#8221;https:\/\/www.ceide.unam.mx\/cinig\/wp-content\/uploads\/2025\/04\/Minuta_2da-reunion-extraordinaria_26feb25.pdf&#8221;][vc_column_text css=&#8221;.vc_custom_1745611184032{margin-top: 0px !important;margin-bottom: 0px !important;padding-bottom: 1% !important;}&#8221;]<\/p>\n<h2 style=\"text-align: center;\"><span style=\"color: #8a5de2;\">MINUTA<\/span><\/h2>\n<p>[\/vc_column_text][vc_column_text css=&#8221;.vc_custom_1745611218304{margin-bottom: 10px !important;padding-top: 1% !important;padding-right: 1% !important;padding-bottom: 1% !important;padding-left: 1% !important;}&#8221;]<\/p>\n<p style=\"text-align: center;\">REUNI\u00d3N EXTRAORDINARIA<br \/>\n26\/02\/25[\/vc_column_text][vc_btn title=&#8221;Ver documento&#8221; style=&#8221;custom&#8221; custom_background=&#8221;#8A5DE2&#8243; custom_text=&#8221;#FFFFFF&#8221; size=&#8221;xs&#8221; align=&#8221;center&#8221; css=&#8221;&#8221; link=&#8221;url:https%3A%2F%2Fwww.ceide.unam.mx%2Fcinig%2Fwp-content%2Fuploads%2F2025%2F04%2FMinuta_2da-reunion-extraordinaria_26feb25.pdf|title:Acciones|target:_blank&#8221;][\/vc_column_inner][vc_column_inner width=&#8221;1\/4&#8243;][\/vc_column_inner][vc_column_inner width=&#8221;1\/4&#8243;][\/vc_column_inner][vc_column_inner width=&#8221;1\/4&#8243;][\/vc_column_inner][\/vc_row_inner][\/vc_tta_section][vc_tta_section title=&#8221;DECLARATORIAS&#8221; tab_id=&#8221;1756427964458-2783653e-293e&#8221;][vc_row_inner][vc_column_inner width=&#8221;1\/4&#8243;][vc_single_image image=&#8221;109&#8243; img_size=&#8221;full&#8221; alignment=&#8221;center&#8221; onclick=&#8221;custom_link&#8221; img_link_target=&#8221;_blank&#8221; css=&#8221;.vc_custom_1732322243494{margin-bottom: 10px !important;}&#8221; link=&#8221;https:\/\/www.ceide.unam.mx\/cinig\/wp-content\/uploads\/2024\/11\/Declaratoria-25N_CEIDE_25nov24.pdf&#8221;][vc_column_text css=&#8221;.vc_custom_1732322184721{margin-top: 0px !important;margin-bottom: 0px !important;padding-bottom: 1% !important;}&#8221;]<\/p>\n<h2 style=\"text-align: center;\"><span style=\"color: #8a5de2;\">DECLARATORIA<\/span><\/h2>\n<p>[\/vc_column_text][vc_column_text css=&#8221;.vc_custom_1732322266515{margin-bottom: 10px !important;padding-top: 1% !important;padding-right: 1% !important;padding-bottom: 1% !important;padding-left: 1% !important;}&#8221;]<\/p>\n<p style=\"text-align: center;\">25N<br \/>\n25\/11\/2024[\/vc_column_text][vc_btn title=&#8221;Ver documento&#8221; style=&#8221;custom&#8221; custom_background=&#8221;#8A5DE2&#8243; custom_text=&#8221;#FFFFFF&#8221; size=&#8221;xs&#8221; align=&#8221;center&#8221; css=&#8221;&#8221; link=&#8221;url:https%3A%2F%2Fwww.ceide.unam.mx%2Fcinig%2Fwp-content%2Fuploads%2F2024%2F11%2FDeclaratoria-25N_CEIDE_25nov24.pdf|title:Acciones|target:_blank&#8221;][\/vc_column_inner][vc_column_inner width=&#8221;1\/4&#8243;][\/vc_column_inner][vc_column_inner width=&#8221;1\/4&#8243;][\/vc_column_inner][vc_column_inner width=&#8221;1\/4&#8243;][\/vc_column_inner][\/vc_row_inner][\/vc_tta_section][vc_tta_section title=&#8221;MANUALES&#8221; tab_id=&#8221;1756428019099-05c2fdcc-60c6&#8243;][vc_row_inner][vc_column_inner width=&#8221;1\/4&#8243;][vc_single_image image=&#8221;109&#8243; img_size=&#8221;full&#8221; alignment=&#8221;center&#8221; onclick=&#8221;custom_link&#8221; img_link_target=&#8221;_blank&#8221; css=&#8221;.vc_custom_1732322140060{margin-bottom: 10px !important;}&#8221; link=&#8221;https:\/\/www.ceide.unam.mx\/cinig\/wp-content\/uploads\/2024\/11\/Manual-de-operacion-y-funciones_CInIG-CEIDE_18oct24.pdf&#8221;][vc_column_text css=&#8221;.vc_custom_1731522865669{margin-top: 0px !important;margin-bottom: 0px !important;padding-bottom: 1% !important;}&#8221;]<\/p>\n<h2 style=\"text-align: center;\"><span style=\"color: #8a5de2;\">MANUAL<\/span><\/h2>\n<p>[\/vc_column_text][vc_column_text css=&#8221;.vc_custom_1732322107012{margin-bottom: 10px !important;padding-top: 1% !important;padding-right: 1% !important;padding-bottom: 1% !important;padding-left: 1% !important;}&#8221;]<\/p>\n<p style=\"text-align: center;\">OPERACI\u00d3N Y FUNCIONES<br \/>\nCInIG-CEIDE[\/vc_column_text][vc_btn title=&#8221;Ver documento&#8221; style=&#8221;custom&#8221; custom_background=&#8221;#8A5DE2&#8243; custom_text=&#8221;#FFFFFF&#8221; size=&#8221;xs&#8221; align=&#8221;center&#8221; css=&#8221;&#8221; link=&#8221;url:https%3A%2F%2Fwww.ceide.unam.mx%2Fcinig%2Fwp-content%2Fuploads%2F2024%2F11%2FManual-de-operacion-y-funciones_CInIG-CEIDE_18oct24.pdf|title:Acciones|target:_blank&#8221;][\/vc_column_inner][vc_column_inner width=&#8221;1\/4&#8243;][\/vc_column_inner][vc_column_inner width=&#8221;1\/4&#8243;][\/vc_column_inner][vc_column_inner width=&#8221;1\/4&#8243;][\/vc_column_inner][\/vc_row_inner][\/vc_tta_section][\/vc_tta_accordion][\/vc_column][\/vc_row][vc_row][vc_column][\/vc_column][\/vc_row][vc_row full_width=&#8221;stretch_row&#8221; content_placement=&#8221;middle&#8221; css_animation=&#8221;slideInLeft&#8221; css=&#8221;.vc_custom_1731176154026{margin-top: 4% !important;border-top-width: 0px !important;padding-top: 0px !important;background-color: #A5BE6A !important;background-position: 0 0 !important;background-repeat: no-repeat !important;}&#8221;][vc_column width=&#8221;5\/6&#8243;][vc_column_text css=&#8221;.vc_custom_1731175954048{margin-top: 0px !important;margin-bottom: 0px !important;padding-bottom: 1% !important;}&#8221;]<\/p>\n<h2 style=\"text-align: center;\"><span style=\"color: #8a5de2;\">\u00c1REAS DE INTER\u00c9S<\/span><\/h2>\n<p>[\/vc_column_text][vc_column_text css=&#8221;.vc_custom_1731175795501{margin-top: 0px !important;margin-bottom: 0px !important;padding-bottom: 1% !important;}&#8221;]<\/p>\n<h2><span style=\"color: #8a5de2;\">ACCIONES<\/span><\/h2>\n<p>[\/vc_column_text][vc_column_text css=&#8221;.vc_custom_1732321307318{margin-bottom: 10px !important;padding-top: 1% !important;padding-right: 1% !important;padding-bottom: 1% !important;padding-left: 1% !important;}&#8221;]Consulta las acciones que la CInIG-CEIDE realiza para y con la comunidad CEIDE, as\u00ed como las que trabaja de forma conjunta \u2028con la CInIG-SG.[\/vc_column_text][vc_btn title=&#8221;VER M\u00c1S&#8221; style=&#8221;custom&#8221; custom_background=&#8221;#8A5DE2&#8243; custom_text=&#8221;#FFFFFF&#8221; size=&#8221;xs&#8221; css=&#8221;&#8221; link=&#8221;url:https%3A%2F%2Fwww.ceide.unam.mx%2Fcinig%2Findex.php%2Facciones%2F|title:Acciones|target:_blank&#8221;][\/vc_column][vc_column width=&#8221;1\/6&#8243;][vc_row_inner content_placement=&#8221;middle&#8221; css=&#8221;.vc_custom_1731176077482{padding-right: 10% !important;padding-left: 10% !important;}&#8221;][vc_column_inner][vc_single_image image=&#8221;61&#8243; img_size=&#8221;full&#8221; alignment=&#8221;center&#8221; onclick=&#8221;custom_link&#8221; img_link_target=&#8221;_blank&#8221; css=&#8221;&#8221; link=&#8221;https:\/\/www.ceide.unam.mx\/cinig\/index.php\/acciones\/&#8221;][\/vc_column_inner][\/vc_row_inner][\/vc_column][\/vc_row][vc_row full_width=&#8221;stretch_row&#8221; content_placement=&#8221;middle&#8221; css=&#8221;.vc_custom_1731176706724{background-color: #0C0C0C !important;}&#8221;][vc_column][vc_column_text css=&#8221;.vc_custom_1731517147407{margin-top: 0px !important;margin-bottom: 20px !important;padding-bottom: 0% !important;}&#8221;]<\/p>\n<h4 style=\"text-align: center;\"><span style=\"color: #ffc73b;\">CONTACTO<\/span><\/h4>\n<p>[\/vc_column_text][vc_column_text css=&#8221;.vc_custom_1731176972698{padding-top: 0px !important;padding-right: 2% !important;padding-bottom: 2% !important;padding-left: 2% !important;}&#8221;]<\/p>\n<p style=\"text-align: center;\"><span style=\"color: #ffffff;\">Toda informaci\u00f3n o propuesta ser\u00e1 recibida a trav\u00e9s del siguiente correo electr\u00f3nico: <span style=\"color: #ffc73b;\">cinig@ceide.unam.mx<\/span><\/span><\/p>\n<p>[\/vc_column_text][\/vc_column][\/vc_row]<\/p>\n<\/div>","protected":false},"excerpt":{"rendered":"<p>[vc_row full_width=&#8221;stretch_row&#8221; content_placement=&#8221;middle&#8221; css=&#8221;.vc_custom_1731433308644{background-color: #8A5DE2 !important;}&#8221;][vc_column width=&#8221;2\/3&#8243;][vc_column_text css=&#8221;.vc_custom_1731519449565{margin-top: 0px !important;margin-bottom: 0px !important;padding-bottom: 1% !important;}&#8221;] DOCUMENTOS [\/vc_column_text][vc_column_text css=&#8221;.vc_custom_1732321291966{padding-top: 2% !important;padding-right: 2% !important;padding-bottom: 2% !important;padding-left: 2% !important;}&#8221;]Consulta las minutas, acuerdos, informes y otros archivos que resulten de las actividades de la CInIG-CEIDE.[\/vc_column_text][\/vc_column][vc_column width=&#8221;1\/3&#8243;][vc_single_image image=&#8221;55&#8243; alignment=&#8221;center&#8221; css=&#8221;&#8221;][\/vc_column][\/vc_row][vc_row][vc_column][\/vc_column][\/vc_row][vc_row][vc_column][vc_tta_accordion style=&#8221;modern&#8221; color=&#8221;violet&#8221; active_section=&#8221;1&#8243; collapsible_all=&#8221;true&#8221;][vc_tta_section title=&#8221;MINUTAS&#8221; tab_id=&#8221;1754161814701-1459e712-513d&#8221;][vc_row_inner][vc_column_inner width=&#8221;1\/4&#8243;][vc_single_image image=&#8221;109&#8243; img_size=&#8221;full&#8221; alignment=&#8221;center&#8221; onclick=&#8221;custom_link&#8221; &#8230; <a title=\"Documentos\" class=\"read-more\" href=\"https:\/\/www.ceide.unam.mx\/cinig\/index.php\/documentos\/\" aria-label=\"Leer m\u00e1s sobre Documentos\">Leer m\u00e1s<\/a><\/p>\n","protected":false},"author":1,"featured_media":0,"parent":0,"menu_order":0,"comment_status":"closed","ping_status":"closed","template":"","meta":{"footnotes":""},"class_list":["post-97","page","type-page","status-publish"],"_links":{"self":[{"href":"https:\/\/www.ceide.unam.mx\/cinig\/index.php\/wp-json\/wp\/v2\/pages\/97","targetHints":{"allow":["GET"]}}],"collection":[{"href":"https:\/\/www.ceide.unam.mx\/cinig\/index.php\/wp-json\/wp\/v2\/pages"}],"about":[{"href":"https:\/\/www.ceide.unam.mx\/cinig\/index.php\/wp-json\/wp\/v2\/types\/page"}],"author":[{"embeddable":true,"href":"https:\/\/www.ceide.unam.mx\/cinig\/index.php\/wp-json\/wp\/v2\/users\/1"}],"replies":[{"embeddable":true,"href":"https:\/\/www.ceide.unam.mx\/cinig\/index.php\/wp-json\/wp\/v2\/comments?post=97"}],"version-history":[{"count":20,"href":"https:\/\/www.ceide.unam.mx\/cinig\/index.php\/wp-json\/wp\/v2\/pages\/97\/revisions"}],"predecessor-version":[{"id":289,"href":"https:\/\/www.ceide.unam.mx\/cinig\/index.php\/wp-json\/wp\/v2\/pages\/97\/revisions\/289"}],"wp:attachment":[{"href":"https:\/\/www.ceide.unam.mx\/cinig\/index.php\/wp-json\/wp\/v2\/media?parent=97"}],"curies":[{"name":"wp","href":"https:\/\/api.w.org\/{rel}","templated":true}]}}