{"id":448,"date":"2025-09-11T20:14:37","date_gmt":"2025-09-11T20:14:37","guid":{"rendered":"https:\/\/www.ceide.unam.mx\/cinig\/?page_id=448"},"modified":"2025-09-11T20:22:16","modified_gmt":"2025-09-11T20:22:16","slug":"lactancia-materna","status":"publish","type":"page","link":"https:\/\/www.ceide.unam.mx\/cinig\/index.php\/lactancia-materna\/","title":{"rendered":"Lactancia Materna"},"content":{"rendered":"<div class=\"wpb-content-wrapper\"><p>[vc_row full_width=&#8221;stretch_row&#8221; content_placement=&#8221;middle&#8221; css=&#8221;.vc_custom_1731522973011{margin-top: 0px !important;border-top-width: 0px !important;padding-top: 0px !important;background-color: #8A5DE2 !important;}&#8221;][vc_column width=&#8221;2\/3&#8243;][vc_column_text css=&#8221;.vc_custom_1757621924774{margin-top: 0px !important;margin-bottom: 0px !important;padding-bottom: 1% !important;}&#8221;]<\/p>\n<h2><span style=\"color: #ffffff;\">Semana mundial de la lactancia materna<\/span><\/h2>\n<p>[\/vc_column_text][\/vc_column][vc_column width=&#8221;1\/3&#8243;][vc_single_image image=&#8221;55&#8243; img_size=&#8221;75&#215;75&#8243; alignment=&#8221;center&#8221; css=&#8221;&#8221;][\/vc_column][\/vc_row][vc_row][vc_column][vc_media_grid element_width=&#8221;3&#8243; css=&#8221;&#8221; grid_id=&#8221;vc_gid:1757621764355-e10bd8908d8313a108243a21673d781f-0&#8243; include=&#8221;451,452,453,454,455,456,457,458,459&#8243;][\/vc_column][\/vc_row][vc_row full_width=&#8221;stretch_row&#8221; content_placement=&#8221;middle&#8221; css=&#8221;.vc_custom_1731176706724{background-color: #0C0C0C !important;}&#8221;][vc_column][vc_column_text css=&#8221;.vc_custom_1731517147407{margin-top: 0px !important;margin-bottom: 20px !important;padding-bottom: 0% !important;}&#8221;]<\/p>\n<h4 style=\"text-align: center;\"><span style=\"color: #ffc73b;\">CONTACTO<\/span><\/h4>\n<p>[\/vc_column_text][vc_column_text css=&#8221;.vc_custom_1731176972698{padding-top: 0px !important;padding-right: 2% !important;padding-bottom: 2% !important;padding-left: 2% !important;}&#8221;]<\/p>\n<p style=\"text-align: center;\"><span style=\"color: #ffffff;\">Toda informaci\u00f3n o propuesta ser\u00e1 recibida a trav\u00e9s del siguiente correo electr\u00f3nico: <span style=\"color: #ffc73b;\">cinig@ceide.unam.mx<\/span><\/span><\/p>\n<p>[\/vc_column_text][\/vc_column][\/vc_row]<\/p>\n<\/div>","protected":false},"excerpt":{"rendered":"<p>[vc_row full_width=&#8221;stretch_row&#8221; content_placement=&#8221;middle&#8221; css=&#8221;.vc_custom_1731522973011{margin-top: 0px !important;border-top-width: 0px !important;padding-top: 0px !important;background-color: #8A5DE2 !important;}&#8221;][vc_column width=&#8221;2\/3&#8243;][vc_column_text css=&#8221;.vc_custom_1757621924774{margin-top: 0px !important;margin-bottom: 0px !important;padding-bottom: 1% !important;}&#8221;] Semana mundial de la lactancia materna [\/vc_column_text][\/vc_column][vc_column width=&#8221;1\/3&#8243;][vc_single_image image=&#8221;55&#8243; img_size=&#8221;75&#215;75&#8243; alignment=&#8221;center&#8221; css=&#8221;&#8221;][\/vc_column][\/vc_row][vc_row][vc_column][vc_media_grid element_width=&#8221;3&#8243; css=&#8221;&#8221; grid_id=&#8221;vc_gid:1757621764355-e10bd8908d8313a108243a21673d781f-0&#8243; include=&#8221;451,452,453,454,455,456,457,458,459&#8243;][\/vc_column][\/vc_row][vc_row full_width=&#8221;stretch_row&#8221; content_placement=&#8221;middle&#8221; css=&#8221;.vc_custom_1731176706724{background-color: #0C0C0C !important;}&#8221;][vc_column][vc_column_text css=&#8221;.vc_custom_1731517147407{margin-top: 0px !important;margin-bottom: 20px !important;padding-bottom: 0% !important;}&#8221;] CONTACTO [\/vc_column_text][vc_column_text css=&#8221;.vc_custom_1731176972698{padding-top: 0px !important;padding-right: 2% !important;padding-bottom: &#8230; <a title=\"Lactancia Materna\" class=\"read-more\" href=\"https:\/\/www.ceide.unam.mx\/cinig\/index.php\/lactancia-materna\/\" aria-label=\"Leer m\u00e1s sobre Lactancia Materna\">Leer m\u00e1s<\/a><\/p>\n","protected":false},"author":1,"featured_media":0,"parent":0,"menu_order":0,"comment_status":"closed","ping_status":"closed","template":"","meta":{"footnotes":""},"class_list":["post-448","page","type-page","status-publish"],"_links":{"self":[{"href":"https:\/\/www.ceide.unam.mx\/cinig\/index.php\/wp-json\/wp\/v2\/pages\/448","targetHints":{"allow":["GET"]}}],"collection":[{"href":"https:\/\/www.ceide.unam.mx\/cinig\/index.php\/wp-json\/wp\/v2\/pages"}],"about":[{"href":"https:\/\/www.ceide.unam.mx\/cinig\/index.php\/wp-json\/wp\/v2\/types\/page"}],"author":[{"embeddable":true,"href":"https:\/\/www.ceide.unam.mx\/cinig\/index.php\/wp-json\/wp\/v2\/users\/1"}],"replies":[{"embeddable":true,"href":"https:\/\/www.ceide.unam.mx\/cinig\/index.php\/wp-json\/wp\/v2\/comments?post=448"}],"version-history":[{"count":3,"href":"https:\/\/www.ceide.unam.mx\/cinig\/index.php\/wp-json\/wp\/v2\/pages\/448\/revisions"}],"predecessor-version":[{"id":460,"href":"https:\/\/www.ceide.unam.mx\/cinig\/index.php\/wp-json\/wp\/v2\/pages\/448\/revisions\/460"}],"wp:attachment":[{"href":"https:\/\/www.ceide.unam.mx\/cinig\/index.php\/wp-json\/wp\/v2\/media?parent=448"}],"curies":[{"name":"wp","href":"https:\/\/api.w.org\/{rel}","templated":true}]}}