{"id":279,"date":"2025-08-29T00:14:52","date_gmt":"2025-08-29T00:14:52","guid":{"rendered":"https:\/\/www.ceide.unam.mx\/cinig\/?page_id=279"},"modified":"2025-09-11T20:39:57","modified_gmt":"2025-09-11T20:39:57","slug":"agenda-cinig","status":"publish","type":"page","link":"https:\/\/www.ceide.unam.mx\/cinig\/index.php\/agenda-cinig\/","title":{"rendered":"AGENDA CInIG"},"content":{"rendered":"<div class=\"wpb-content-wrapper\"><p>[vc_row full_width=&#8221;stretch_row&#8221; content_placement=&#8221;middle&#8221; css=&#8221;.vc_custom_1731522973011{margin-top: 0px !important;border-top-width: 0px !important;padding-top: 0px !important;background-color: #8A5DE2 !important;}&#8221;][vc_column width=&#8221;2\/3&#8243;][vc_column_text css=&#8221;.vc_custom_1756428460394{margin-top: 0px !important;margin-bottom: 0px !important;padding-bottom: 1% !important;}&#8221;]<\/p>\n<h2><span style=\"color: #ffc73b;\">AGENDA<\/span><\/h2>\n<p>[\/vc_column_text][vc_column_text css=&#8221;.vc_custom_1756428634667{padding-top: 2% !important;padding-right: 2% !important;padding-bottom: 2% !important;padding-left: 2% !important;}&#8221;]<span style=\"color: #ffffff;\">Conoce las actividades de reflexi\u00f3n que realizamos con nuestra comunidad en torno al \u00e1mbito de la Igualdad de G\u00e9nero. <\/span>[\/vc_column_text][\/vc_column][vc_column width=&#8221;1\/3&#8243;][vc_single_image image=&#8221;55&#8243; alignment=&#8221;center&#8221; css=&#8221;&#8221;][\/vc_column][\/vc_row][vc_row][vc_column][vc_column_text css=&#8221;&#8221;]<\/p>\n<h1><span style=\"color: #8a5de2;\">2024<\/span><\/h1>\n<p>[\/vc_column_text][\/vc_column][\/vc_row][vc_row css=&#8221;.vc_custom_1756497339138{padding-top: 5% !important;padding-bottom: 5% !important;}&#8221;][vc_column width=&#8221;1\/4&#8243;][vc_hoverbox image=&#8221;420&#8243; primary_title=&#8221;&#8221; hover_title=&#8221;16 d\u00edas de activismo&#8221;]01 &#8211; nov &#8211; 24<\/p>\n<p>&nbsp;<\/p>\n<p>&nbsp;[\/vc_hoverbox][\/vc_column][vc_column width=&#8221;1\/4&#8243;][vc_hoverbox image=&#8221;421&#8243; primary_title=&#8221;&#8221; hover_title=&#8221;25N&#8221; hover_btn_title=&#8221;ver m\u00e1s&#8221; hover_btn_style=&#8221;outline&#8221; hover_btn_color=&#8221;black&#8221; hover_btn_size=&#8221;xs&#8221; hover_btn_align=&#8221;center&#8221; hover_add_button=&#8221;true&#8221; hover_btn_link=&#8221;url:https%3A%2F%2Fwww.ceide.unam.mx%2Fcinig%2Findex.php%2F25n%2F|title:25N&#8221;]25 &#8211; nov &#8211; 24<\/p>\n<p>&nbsp;[\/vc_hoverbox][\/vc_column][vc_column width=&#8221;1\/4&#8243;][vc_hoverbox image=&#8221;419&#8243; primary_title=&#8221;&#8221; hover_title=&#8221;Taller Fanzines&#8221; hover_btn_title=&#8221;ver m\u00e1s&#8221; hover_btn_style=&#8221;outline&#8221; hover_btn_color=&#8221;black&#8221; hover_btn_size=&#8221;xs&#8221; hover_btn_align=&#8221;center&#8221; hover_add_button=&#8221;true&#8221; hover_btn_link=&#8221;url:https%3A%2F%2Fwww.ceide.unam.mx%2Fcinig%2Findex.php%2Ftaller-fanzines%2F|title:Taller%20Fanzines&#8221;]29 &#8211; nov &#8211; 24<\/p>\n<p>&nbsp;[\/vc_hoverbox][\/vc_column][vc_column width=&#8221;1\/4&#8243;][\/vc_column][\/vc_row][vc_row][vc_column][vc_column_text css=&#8221;&#8221;]<\/p>\n<h1><span style=\"color: #8a5de2;\">2025<\/span><\/h1>\n<p>[\/vc_column_text][\/vc_column][\/vc_row][vc_row css=&#8221;.vc_custom_1756497339138{padding-top: 5% !important;padding-bottom: 5% !important;}&#8221;][vc_column width=&#8221;1\/4&#8243;][vc_hoverbox image=&#8221;300&#8243; primary_title=&#8221;&#8221; hover_title=&#8221;Actividad de integraci\u00f3n Picnic&#8221; hover_btn_title=&#8221;ver m\u00e1s&#8221; hover_btn_style=&#8221;outline&#8221; hover_btn_color=&#8221;black&#8221; hover_btn_size=&#8221;xs&#8221; hover_add_button=&#8221;true&#8221; hover_btn_link=&#8221;url:https%3A%2F%2Fwww.ceide.unam.mx%2Fcinig%2Findex.php%2Factividad-de-integracion-picnic%2F|title:Actividad%20de%20integraci%C3%B3n%20P%C3%ADcnic&#8221;]31 &#8211; ene &#8211; 25[\/vc_hoverbox][\/vc_column][vc_column width=&#8221;1\/4&#8243;][vc_hoverbox image=&#8221;301&#8243; primary_title=&#8221;&#8221; hover_title=&#8221;Cortometrajes&#8221; hover_btn_title=&#8221;ver m\u00e1s&#8221; hover_btn_style=&#8221;outline&#8221; hover_btn_color=&#8221;black&#8221; hover_btn_size=&#8221;xs&#8221; hover_add_button=&#8221;true&#8221; hover_btn_link=&#8221;url:https%3A%2F%2Fwww.ceide.unam.mx%2Fcinig%2Findex.php%2Factividad-de-integracion-cortometrajes%2F|title:Actividad%20de%20integraci%C3%B3n%20cortometrajes&#8221;]28 &#8211; feb -25<\/p>\n<p>&nbsp;[\/vc_hoverbox][\/vc_column][vc_column width=&#8221;1\/4&#8243;][vc_hoverbox image=&#8221;302&#8243; primary_title=&#8221;&#8221; hover_title=&#8221;Museo UNAM&#8221; hover_btn_title=&#8221;ver m\u00e1s&#8221; hover_btn_style=&#8221;outline&#8221; hover_btn_color=&#8221;black&#8221; hover_btn_size=&#8221;xs&#8221; hover_btn_align=&#8221;center&#8221; hover_add_button=&#8221;true&#8221; hover_btn_link=&#8221;url:https%3A%2F%2Fwww.ceide.unam.mx%2Fcinig%2Findex.php%2Factividad-de-integracion-museo%2F|title:Actividad%20de%20integraci%C3%B3n%20Museo&#8221;]22 &#8211; mar &#8211; 25<\/p>\n<p>&nbsp;<\/p>\n<p>&nbsp;[\/vc_hoverbox][\/vc_column][vc_column width=&#8221;1\/4&#8243;][vc_hoverbox image=&#8221;303&#8243; primary_title=&#8221;&#8221; hover_title=&#8221;Actividades 8M 2025&#8243; hover_btn_title=&#8221;ver m\u00e1s&#8221; hover_btn_style=&#8221;outline&#8221; hover_btn_color=&#8221;black&#8221; hover_btn_size=&#8221;xs&#8221; hover_btn_align=&#8221;center&#8221; hover_add_button=&#8221;true&#8221; hover_btn_link=&#8221;url:https%3A%2F%2Fwww.ceide.unam.mx%2Fcinig%2Findex.php%2Factividades-8m%2F|title:Actividades%208M&#8221;]marzo 2025<\/p>\n<p>&nbsp;[\/vc_hoverbox][\/vc_column][\/vc_row][vc_row css=&#8221;.vc_custom_1756497339138{padding-top: 5% !important;padding-bottom: 5% !important;}&#8221;][vc_column width=&#8221;1\/4&#8243;][vc_hoverbox image=&#8221;304&#8243; primary_title=&#8221;&#8221; hover_title=&#8221;Pel\u00edcula Mi bella dama&#8221; hover_btn_title=&#8221;ver m\u00e1s&#8221; hover_btn_style=&#8221;outline&#8221; hover_btn_color=&#8221;black&#8221; hover_btn_size=&#8221;xs&#8221; hover_add_button=&#8221;true&#8221; hover_btn_link=&#8221;url:https%3A%2F%2Fwww.ceide.unam.mx%2Fcinig%2Findex.php%2Factividad-de-integracion-pelicula-mi-bella-dama%2F|title:Actividad%20de%20integraci%C3%B3n%20Pel%C3%ADcula%20Mi%20Bella%20Dama&#8221;]04 &#8211; abr &#8211; 25[\/vc_hoverbox][\/vc_column][vc_column width=&#8221;1\/4&#8243;][vc_hoverbox image=&#8221;305&#8243; primary_title=&#8221;&#8221; hover_title=&#8221;Cine debate End of sentence&#8221; hover_btn_title=&#8221;ver m\u00e1s&#8221; hover_btn_style=&#8221;outline&#8221; hover_btn_color=&#8221;black&#8221; hover_btn_size=&#8221;xs&#8221; hover_add_button=&#8221;true&#8221; hover_btn_link=&#8221;url:https%3A%2F%2Fwww.ceide.unam.mx%2Fcinig%2Findex.php%2Fcine-debate%2F|title:cine%20debate&#8221;]23 &#8211; may &#8211; 25[\/vc_hoverbox][\/vc_column][vc_column width=&#8221;1\/4&#8243;][vc_hoverbox image=&#8221;306&#8243; primary_title=&#8221;&#8221; hover_title=&#8221;Conferencia M\u00f3nica Quijano&#8221; hover_btn_title=&#8221;ver m\u00e1s&#8221; hover_btn_style=&#8221;outline&#8221; hover_btn_color=&#8221;black&#8221; hover_btn_size=&#8221;xs&#8221; hover_btn_align=&#8221;center&#8221; hover_add_button=&#8221;true&#8221; hover_btn_link=&#8221;url:https%3A%2F%2Fwww.ceide.unam.mx%2Fcinig%2Findex.php%2Fconferencia-educacion-no-sexista%2F|title:Conferencia%20Educaci%C3%B3n%20no%20sexista&#8221;]27 &#8211; jun &#8211; 25[\/vc_hoverbox][\/vc_column][vc_column width=&#8221;1\/4&#8243;][vc_hoverbox image=&#8221;307&#8243; primary_title=&#8221;&#8221; hover_title=&#8221;Pel\u00edcula Una familia de tantas&#8221; hover_btn_title=&#8221;ver m\u00e1s&#8221; hover_btn_style=&#8221;outline&#8221; hover_btn_color=&#8221;black&#8221; hover_btn_size=&#8221;xs&#8221; hover_btn_align=&#8221;center&#8221; hover_add_button=&#8221;true&#8221; hover_btn_link=&#8221;url:https%3A%2F%2Fwww.ceide.unam.mx%2Fcinig%2Findex.php%2Factividad-pelicula-una-familia-de-tantas%2F|title:Actividad%20%3A%20Pel%C3%ADcula%20Una%20Familia%20de%20Tantas&#8221;]01 &#8211; ago &#8211; 25[\/vc_hoverbox][\/vc_column][\/vc_row][vc_row css=&#8221;.vc_custom_1756497339138{padding-top: 5% !important;padding-bottom: 5% !important;}&#8221;][vc_column width=&#8221;1\/4&#8243;][vc_hoverbox image=&#8221;418&#8243; primary_title=&#8221;&#8221; hover_title=&#8221;Semana mundial de la lactancia materna&#8221; hover_btn_title=&#8221;ver m\u00e1s&#8221; hover_btn_style=&#8221;outline&#8221; hover_btn_color=&#8221;black&#8221; hover_btn_size=&#8221;xs&#8221; hover_add_button=&#8221;true&#8221; hover_btn_link=&#8221;url:https%3A%2F%2Fwww.ceide.unam.mx%2Fcinig%2Findex.php%2Flactancia-materna%2F|title:Lactancia%20Materna&#8221;]22 &#8211; ago &#8211; 25[\/vc_hoverbox][\/vc_column][vc_column width=&#8221;1\/4&#8243;][\/vc_column][vc_column width=&#8221;1\/4&#8243;][\/vc_column][vc_column width=&#8221;1\/4&#8243;][\/vc_column][\/vc_row][vc_row full_width=&#8221;stretch_row&#8221; content_placement=&#8221;middle&#8221; css=&#8221;.vc_custom_1731522996371{margin-bottom: 0px !important;border-bottom-width: 0px !important;padding-bottom: 0px !important;background-color: #0C0C0C !important;}&#8221;][vc_column][vc_column_text css=&#8221;.vc_custom_1731517147407{margin-top: 0px !important;margin-bottom: 20px !important;padding-bottom: 0% !important;}&#8221;]<\/p>\n<h4 style=\"text-align: center;\"><span style=\"color: #ffc73b;\">CONTACTO<\/span><\/h4>\n<p>[\/vc_column_text][vc_column_text css=&#8221;.vc_custom_1731176972698{padding-top: 0px !important;padding-right: 2% !important;padding-bottom: 2% !important;padding-left: 2% !important;}&#8221;]<\/p>\n<p style=\"text-align: center;\"><span style=\"color: #ffffff;\">Toda informaci\u00f3n o propuesta ser\u00e1 recibida a trav\u00e9s del siguiente correo electr\u00f3nico: <span style=\"color: #ffc73b;\">cinig@ceide.unam.mx<\/span><\/span><\/p>\n<p>[\/vc_column_text][\/vc_column][\/vc_row]<\/p>\n<\/div>","protected":false},"excerpt":{"rendered":"<p>[vc_row full_width=&#8221;stretch_row&#8221; content_placement=&#8221;middle&#8221; css=&#8221;.vc_custom_1731522973011{margin-top: 0px !important;border-top-width: 0px !important;padding-top: 0px !important;background-color: #8A5DE2 !important;}&#8221;][vc_column width=&#8221;2\/3&#8243;][vc_column_text css=&#8221;.vc_custom_1756428460394{margin-top: 0px !important;margin-bottom: 0px !important;padding-bottom: 1% !important;}&#8221;] AGENDA [\/vc_column_text][vc_column_text css=&#8221;.vc_custom_1756428634667{padding-top: 2% !important;padding-right: 2% !important;padding-bottom: 2% !important;padding-left: 2% !important;}&#8221;]Conoce las actividades de reflexi\u00f3n que realizamos con nuestra comunidad en torno al \u00e1mbito de la Igualdad de G\u00e9nero. [\/vc_column_text][\/vc_column][vc_column width=&#8221;1\/3&#8243;][vc_single_image image=&#8221;55&#8243; alignment=&#8221;center&#8221; css=&#8221;&#8221;][\/vc_column][\/vc_row][vc_row][vc_column][vc_column_text css=&#8221;&#8221;] &#8230; <a title=\"AGENDA CInIG\" class=\"read-more\" href=\"https:\/\/www.ceide.unam.mx\/cinig\/index.php\/agenda-cinig\/\" aria-label=\"Leer m\u00e1s sobre AGENDA CInIG\">Leer m\u00e1s<\/a><\/p>\n","protected":false},"author":1,"featured_media":0,"parent":0,"menu_order":0,"comment_status":"closed","ping_status":"closed","template":"","meta":{"footnotes":""},"class_list":["post-279","page","type-page","status-publish"],"_links":{"self":[{"href":"https:\/\/www.ceide.unam.mx\/cinig\/index.php\/wp-json\/wp\/v2\/pages\/279","targetHints":{"allow":["GET"]}}],"collection":[{"href":"https:\/\/www.ceide.unam.mx\/cinig\/index.php\/wp-json\/wp\/v2\/pages"}],"about":[{"href":"https:\/\/www.ceide.unam.mx\/cinig\/index.php\/wp-json\/wp\/v2\/types\/page"}],"author":[{"embeddable":true,"href":"https:\/\/www.ceide.unam.mx\/cinig\/index.php\/wp-json\/wp\/v2\/users\/1"}],"replies":[{"embeddable":true,"href":"https:\/\/www.ceide.unam.mx\/cinig\/index.php\/wp-json\/wp\/v2\/comments?post=279"}],"version-history":[{"count":14,"href":"https:\/\/www.ceide.unam.mx\/cinig\/index.php\/wp-json\/wp\/v2\/pages\/279\/revisions"}],"predecessor-version":[{"id":469,"href":"https:\/\/www.ceide.unam.mx\/cinig\/index.php\/wp-json\/wp\/v2\/pages\/279\/revisions\/469"}],"wp:attachment":[{"href":"https:\/\/www.ceide.unam.mx\/cinig\/index.php\/wp-json\/wp\/v2\/media?parent=279"}],"curies":[{"name":"wp","href":"https:\/\/api.w.org\/{rel}","templated":true}]}}